{"id":974,"date":"2026-03-06T09:01:50","date_gmt":"2026-03-06T16:01:50","guid":{"rendered":"https:\/\/www.denversummitfc.com\/?page_id=974"},"modified":"2026-03-27T11:12:35","modified_gmt":"2026-03-27T17:12:35","slug":"ways-to-watch","status":"publish","type":"page","link":"https:\/\/www.denversummitfc.com\/es\/ways-to-watch\/","title":{"rendered":"Formas de ver"},"content":{"rendered":"<div class=\"wp-block-denverfc-media\" >\n\t\n\t\t\t<figure class=\"media-image\">\n\t\t\t<img\n\t\t\t\tsrc=\"https:\/\/www.denversummitfc.com\/app\/uploads\/2026\/03\/dsfc26_ways-to-watch-16x9-1-1600x900.png\"\n\t\t\t\talt=\"Denver_Summit_FC_ways_to_watch\"\n\t\t\t\twidth=\"1600\"\n\t\t\t\theight=\"900\"\n\t\t\t\tloading=\"lazy\"\n\t\t\t\/>\n\t\t<\/figure>\n\t\n\t<\/div>\n\n\n\n\n<div\tid=\"block_cb3c601ba621e6e731e3d97ed0bedd90\"\n\tclass=\"content-block\"\n\t>\n\t<div class=\"content-block__container\">\n\t\t\t\t<div class=\"content-block__inner\">\n\t\t\t\t\t\t\t            \t\t\t\t<div class=\"content-block__content content-block__content--boxed\">\n\t\t\t\t\t<p>Cuando Summit salte al terreno de juego por primera vez, nuestros partidos se retransmitir\u00e1n a trav\u00e9s de una l\u00ednea din\u00e1mica de socios nacionales y de la liga. Esto significa que hay m\u00e1s formas que nunca de ver, retransmitir y seguir la acci\u00f3n est\u00e9s donde est\u00e9s. Algunos partidos tambi\u00e9n estar\u00e1n disponibles localmente en The Spot Denver 3, lo que facilitar\u00e1 a\u00fan m\u00e1s el acceso a los aficionados de toda la regi\u00f3n.<\/p>\n<p>Desde nombres tan conocidos como CBS, Paramount+, ESPN y Prime Video hasta plataformas dedicadas al f\u00fatbol como NWSL+ y Victory+, los partidos de la Cumbre se emitir\u00e1n durante toda la temporada en las cadenas que se indican a continuaci\u00f3n.<\/p>\n<p>Puede que algunas de estas plataformas ya formen parte de su rotaci\u00f3n habitual. Otras pueden ser nuevas. En cualquier caso, te lo hemos puesto f\u00e1cil. Despl\u00e1cese hacia abajo para ver un desglose completo de d\u00f3nde ver, c\u00f3mo transmitir y qu\u00e9 necesitar\u00e1 para no perderse ni un solo pitido de apertura.<\/p>\n\n\t\t\t\t<\/div>\n\t\t\t\t<\/div>\n\t<\/div>\n<\/div>\n\t\n\n\n<section\n\tid=\"cards-grid-69f854f9c0d4c\"\n\tclass=\"wp-block-club-cards-grid\"\n\trole=\"region\"\n\t>\n\t\n\t\t\t<div class=\"cards-grid-carousel splide\" role=\"region\" aria-label=\"Carrusel de tarjetas\">\n\t\t\t<div class=\"splide__track\">\n\t\t\t\t<div class=\"cards-grid__container cards-grid__container--4 Cards-cols splide__list\">\n\t\t\t\t\t<article class=\"cards-grid__card splide__slide\">\n\t\t\t\t\t\t\t\t\t\t\t\t\t\t\t\t\t<div class=\"cards-grid__media\">\n\t\t\t\t\t\t<img\n\t\t\t\t\t\t\tsrc=\"https:\/\/www.denversummitfc.com\/app\/uploads\/2026\/03\/Broadcaster-logos-Victory-800x450.jpg\"\n\t\t\t\t\t\t\talt=\"Victory_Plus_Logo\"\n\t\t\t\t\t\t\tclass=\"cards-grid__image\"\n\t\t\t\t\t\t\twidth=\"800\"\n\t\t\t\t\t\t\theight=\"450\"\n\t\t\t\t\t\t\tloading=\"lazy\"\n\t\t\t\t\t\t\tdecoding=\"async\"\n\t\t\t\t\t\t>\n\t\t\t\t\t<\/div>\n\t\t\t\t\n\t\t\t\t\t\t\t\t\t\t<div class=\"cards-grid__content\">\n\t\t\t\t\t\t\t\t\t\t\t\t\t<div class=\"cards-grid__headline-wrapper\">\n\t\t\t\t\t\t\t\t<h3 class=\"cards-grid__headline\">Victoria+<\/h3>\n\t\t\t\t\t\t\t\t\t\t\t\t\t\t\t<\/div>\n\t\t\t\t\t\t\n\t\t\t\t\t\t\t\t\t\t\t\t\t<div class=\"cards-grid__description\">Una plataforma de streaming gratuita disponible a trav\u00e9s de una aplicaci\u00f3n y dispositivos de televisi\u00f3n conectados. Los aficionados pueden crear una cuenta y ver los partidos sin coste alguno.<\/div>\n\t\t\t\t\t\t\n\t\t\t\t\t\t\t\t\t\t\t\t\t\t\t\t\t\t\t<div class=\"cards-grid__button\">\n\t\t\t\t\t\t\t\t<a\n\t\t\t\t\t\t\t\t\thref=\"https:\/\/victoryplus.com\/\"\n\t\t\t\t\t\t\t\t\tclass=\"btn primary\"\n\t\t\t\t\t\t\t\t\ttarget=\"_blank\" rel=\"noopener noreferrer\"\t\t\t\t\t\t\t\t>\n\t\t\t\t\t\t\t\t\tVer ahora\n\t\t\t\t\t\t\t\t<\/a>\n\t\t\t\t\t\t\t<\/div>\n\t\t\t\t\t\t\t\t\t\t\t<\/div>\n\t\t\t\t<\/article>\n\t\t\t<article class=\"cards-grid__card splide__slide\">\n\t\t\t\t\t\t\t\t\t\t\t\t\t\t\t\t\t<div class=\"cards-grid__media\">\n\t\t\t\t\t\t<img\n\t\t\t\t\t\t\tsrc=\"https:\/\/www.denversummitfc.com\/app\/uploads\/2026\/03\/Broadcaster-logos-Prime-1-800x450.jpg\"\n\t\t\t\t\t\t\talt=\"Prime_Logo\"\n\t\t\t\t\t\t\tclass=\"cards-grid__image\"\n\t\t\t\t\t\t\twidth=\"800\"\n\t\t\t\t\t\t\theight=\"450\"\n\t\t\t\t\t\t\tloading=\"lazy\"\n\t\t\t\t\t\t\tdecoding=\"async\"\n\t\t\t\t\t\t>\n\t\t\t\t\t<\/div>\n\t\t\t\t\n\t\t\t\t\t\t\t\t\t\t<div class=\"cards-grid__content\">\n\t\t\t\t\t\t\t\t\t\t\t\t\t<div class=\"cards-grid__headline-wrapper\">\n\t\t\t\t\t\t\t\t<h3 class=\"cards-grid__headline\">Prime Video<\/h3>\n\t\t\t\t\t\t\t\t\t\t\t\t\t\t\t<\/div>\n\t\t\t\t\t\t\n\t\t\t\t\t\t\t\t\t\t\t\t\t<div class=\"cards-grid__description\">Algunos partidos se emiten exclusivamente en Prime Video. Es necesario ser miembro de Amazon Prime para verlo.<\/div>\n\t\t\t\t\t\t\n\t\t\t\t\t\t\t\t\t\t\t\t\t\t\t\t\t\t\t<div class=\"cards-grid__button\">\n\t\t\t\t\t\t\t\t<a\n\t\t\t\t\t\t\t\t\thref=\"https:\/\/www.amazon.com\/gp\/video\/storefront\/ref=atv_hm_spo_c_rEmqNT_13_1?contentType=tournament&#038;contentId=amzn1.dv.icid.059cc906-0518-4ac1-b425-c9eabbbdcfdb\"\n\t\t\t\t\t\t\t\t\tclass=\"btn primary\"\n\t\t\t\t\t\t\t\t\ttarget=\"_blank\" rel=\"noopener noreferrer\"\t\t\t\t\t\t\t\t>\n\t\t\t\t\t\t\t\t\tVer ahora\n\t\t\t\t\t\t\t\t<\/a>\n\t\t\t\t\t\t\t<\/div>\n\t\t\t\t\t\t\t\t\t\t\t<\/div>\n\t\t\t\t<\/article>\n\t\t\t<article class=\"cards-grid__card splide__slide\">\n\t\t\t\t\t\t\t\t\t\t\t\t\t\t\t\t\t<div class=\"cards-grid__media\">\n\t\t\t\t\t\t<img\n\t\t\t\t\t\t\tsrc=\"https:\/\/www.denversummitfc.com\/app\/uploads\/2026\/03\/Broadcaster-logos-ION-800x450.jpg\"\n\t\t\t\t\t\t\talt=\"Ion_Logo\"\n\t\t\t\t\t\t\tclass=\"cards-grid__image\"\n\t\t\t\t\t\t\twidth=\"800\"\n\t\t\t\t\t\t\theight=\"450\"\n\t\t\t\t\t\t\tloading=\"lazy\"\n\t\t\t\t\t\t\tdecoding=\"async\"\n\t\t\t\t\t\t>\n\t\t\t\t\t<\/div>\n\t\t\t\t\n\t\t\t\t\t\t\t\t\t\t<div class=\"cards-grid__content\">\n\t\t\t\t\t\t\t\t\t\t\t\t\t<div class=\"cards-grid__headline-wrapper\">\n\t\t\t\t\t\t\t\t<h3 class=\"cards-grid__headline\">ION<\/h3>\n\t\t\t\t\t\t\t\t\t\t\t\t\t\t\t<\/div>\n\t\t\t\t\t\t\n\t\t\t\t\t\t\t\t\t\t\t\t\t<div class=\"cards-grid__description\">ION est\u00e1 disponible con antena, en determinados proveedores de cable y sat\u00e9lite y en las principales plataformas de streaming, como el canal Roku, LG Channels, Pluto TV y YouTube TV. <\/div>\n\t\t\t\t\t\t\n\t\t\t\t\t\t\t\t\t\t\t\t\t\t\t\t\t\t\t<div class=\"cards-grid__button\">\n\t\t\t\t\t\t\t\t<a\n\t\t\t\t\t\t\t\t\thref=\"https:\/\/www.ionnwsl.com\/\"\n\t\t\t\t\t\t\t\t\tclass=\"btn primary\"\n\t\t\t\t\t\t\t\t\ttarget=\"_blank\" rel=\"noopener noreferrer\"\t\t\t\t\t\t\t\t>\n\t\t\t\t\t\t\t\t\tVer ahora\n\t\t\t\t\t\t\t\t<\/a>\n\t\t\t\t\t\t\t<\/div>\n\t\t\t\t\t\t\t\t\t\t\t<\/div>\n\t\t\t\t<\/article>\n\t\t\t<article class=\"cards-grid__card splide__slide\">\n\t\t\t\t\t\t\t\t\t\t\t\t\t\t\t\t\t<div class=\"cards-grid__media\">\n\t\t\t\t\t\t<img\n\t\t\t\t\t\t\tsrc=\"https:\/\/www.denversummitfc.com\/app\/uploads\/2026\/03\/Broadcaster-logos-CBS-800x450.jpg\"\n\t\t\t\t\t\t\talt=\"CBS_logo\"\n\t\t\t\t\t\t\tclass=\"cards-grid__image\"\n\t\t\t\t\t\t\twidth=\"800\"\n\t\t\t\t\t\t\theight=\"450\"\n\t\t\t\t\t\t\tloading=\"lazy\"\n\t\t\t\t\t\t\tdecoding=\"async\"\n\t\t\t\t\t\t>\n\t\t\t\t\t<\/div>\n\t\t\t\t\n\t\t\t\t\t\t\t\t\t\t<div class=\"cards-grid__content\">\n\t\t\t\t\t\t\t\t\t\t\t\t\t<div class=\"cards-grid__headline-wrapper\">\n\t\t\t\t\t\t\t\t<h3 class=\"cards-grid__headline\">CBS\/Paramount+<\/h3>\n\t\t\t\t\t\t\t\t\t\t\t\t\t\t\t<\/div>\n\t\t\t\t\t\t\n\t\t\t\t\t\t\t\t\t\t\t\t\t<div class=\"cards-grid__description\">Algunos partidos se emitir\u00e1n a nivel nacional en la CBS, mientras que otros se retransmitir\u00e1n en directo en Paramount+. Se requiere una suscripci\u00f3n a Paramount+ para acceder al streaming.<\/div>\n\t\t\t\t\t\t\n\t\t\t\t\t\t\t\t\t\t\t\t\t\t\t\t\t\t\t<div class=\"cards-grid__button\">\n\t\t\t\t\t\t\t\t<a\n\t\t\t\t\t\t\t\t\thref=\"https:\/\/www.cbs.com\/live-tv\/stream\/\"\n\t\t\t\t\t\t\t\t\tclass=\"btn primary\"\n\t\t\t\t\t\t\t\t\ttarget=\"_blank\" rel=\"noopener noreferrer\"\t\t\t\t\t\t\t\t>\n\t\t\t\t\t\t\t\t\tVer ahora\n\t\t\t\t\t\t\t\t<\/a>\n\t\t\t\t\t\t\t<\/div>\n\t\t\t\t\t\t\t\t\t\t\t<\/div>\n\t\t\t\t<\/article>\n\t\t\t<article class=\"cards-grid__card splide__slide\">\n\t\t\t\t\t\t\t\t\t\t\t\t\t\t\t\t\t<div class=\"cards-grid__media\">\n\t\t\t\t\t\t<img\n\t\t\t\t\t\t\tsrc=\"https:\/\/www.denversummitfc.com\/app\/uploads\/2026\/03\/Broadcaster-logos-CBS-sports-800x450.jpg\"\n\t\t\t\t\t\t\talt=\"CBS_Sports_logo\"\n\t\t\t\t\t\t\tclass=\"cards-grid__image\"\n\t\t\t\t\t\t\twidth=\"800\"\n\t\t\t\t\t\t\theight=\"450\"\n\t\t\t\t\t\t\tloading=\"lazy\"\n\t\t\t\t\t\t\tdecoding=\"async\"\n\t\t\t\t\t\t>\n\t\t\t\t\t<\/div>\n\t\t\t\t\n\t\t\t\t\t\t\t\t\t\t<div class=\"cards-grid__content\">\n\t\t\t\t\t\t\t\t\t\t\t\t\t<div class=\"cards-grid__headline-wrapper\">\n\t\t\t\t\t\t\t\t<h3 class=\"cards-grid__headline\">Red CBS Sports<\/h3>\n\t\t\t\t\t\t\t\t\t\t\t\t\t\t\t<\/div>\n\t\t\t\t\t\t\n\t\t\t\t\t\t\t\t\t\t\t\t\t<div class=\"cards-grid__description\">Un canal de televisi\u00f3n por cable disponible a trav\u00e9s de la mayor\u00eda de los proveedores de cable tradicional y de streaming de televisi\u00f3n en directo. Requiere una suscripci\u00f3n a la televisi\u00f3n.<\/div>\n\t\t\t\t\t\t\n\t\t\t\t\t\t\t\t\t\t\t\t\t\t\t\t\t\t\t<div class=\"cards-grid__button\">\n\t\t\t\t\t\t\t\t<a\n\t\t\t\t\t\t\t\t\thref=\"https:\/\/www.cbs.com\/live-tv\/stream\/\"\n\t\t\t\t\t\t\t\t\tclass=\"btn primary\"\n\t\t\t\t\t\t\t\t\ttarget=\"_blank\" rel=\"noopener noreferrer\"\t\t\t\t\t\t\t\t>\n\t\t\t\t\t\t\t\t\tVer ahora\n\t\t\t\t\t\t\t\t<\/a>\n\t\t\t\t\t\t\t<\/div>\n\t\t\t\t\t\t\t\t\t\t\t<\/div>\n\t\t\t\t<\/article>\n\t\t\t<article class=\"cards-grid__card splide__slide\">\n\t\t\t\t\t\t\t\t\t\t\t\t\t\t\t\t\t<div class=\"cards-grid__media\">\n\t\t\t\t\t\t<img\n\t\t\t\t\t\t\tsrc=\"https:\/\/www.denversummitfc.com\/app\/uploads\/2026\/03\/Broadcaster-logos-ESPN-800x450.jpg\"\n\t\t\t\t\t\t\talt=\"ESPN_logo\"\n\t\t\t\t\t\t\tclass=\"cards-grid__image\"\n\t\t\t\t\t\t\twidth=\"800\"\n\t\t\t\t\t\t\theight=\"450\"\n\t\t\t\t\t\t\tloading=\"lazy\"\n\t\t\t\t\t\t\tdecoding=\"async\"\n\t\t\t\t\t\t>\n\t\t\t\t\t<\/div>\n\t\t\t\t\n\t\t\t\t\t\t\t\t\t\t<div class=\"cards-grid__content\">\n\t\t\t\t\t\t\t\t\t\t\t\t\t<div class=\"cards-grid__headline-wrapper\">\n\t\t\t\t\t\t\t\t<h3 class=\"cards-grid__headline\">ESPN\/ESPN App\/ESPN Deportes<\/h3>\n\t\t\t\t\t\t\t\t\t\t\t\t\t\t\t<\/div>\n\t\t\t\t\t\t\n\t\t\t\t\t\t\t\t\t\t\t\t\t<div class=\"cards-grid__description\">Los partidos pueden emitirse a trav\u00e9s de las cadenas de ESPN y pueden verse con una conexi\u00f3n por cable, un servicio de transmisi\u00f3n de televisi\u00f3n en directo o a trav\u00e9s de la aplicaci\u00f3n de ESPN. Las transmisiones en espa\u00f1ol est\u00e1n disponibles en ESPN Deportes.<\/div>\n\t\t\t\t\t\t\n\t\t\t\t\t\t\t\t\t\t\t\t\t\t\t\t\t\t\t<div class=\"cards-grid__button\">\n\t\t\t\t\t\t\t\t<a\n\t\t\t\t\t\t\t\t\thref=\"https:\/\/www.espn.com\/watch\/catalog\/5cfc4100-6528-4970-8370-21007a36fe3e\"\n\t\t\t\t\t\t\t\t\tclass=\"btn primary\"\n\t\t\t\t\t\t\t\t\ttarget=\"_blank\" rel=\"noopener noreferrer\"\t\t\t\t\t\t\t\t>\n\t\t\t\t\t\t\t\t\tVer ahora\n\t\t\t\t\t\t\t\t<\/a>\n\t\t\t\t\t\t\t<\/div>\n\t\t\t\t\t\t\t\t\t\t\t<\/div>\n\t\t\t\t<\/article>\n\t\t\t<article class=\"cards-grid__card splide__slide\">\n\t\t\t\t\t\t\t\t\t\t\t\t\t\t\t\t\t<div class=\"cards-grid__media\">\n\t\t\t\t\t\t<img\n\t\t\t\t\t\t\tsrc=\"https:\/\/www.denversummitfc.com\/app\/uploads\/2026\/03\/Broadcaster-logos-NWSL-800x450.jpg\"\n\t\t\t\t\t\t\talt=\"NWSL_logo\"\n\t\t\t\t\t\t\tclass=\"cards-grid__image\"\n\t\t\t\t\t\t\twidth=\"800\"\n\t\t\t\t\t\t\theight=\"450\"\n\t\t\t\t\t\t\tloading=\"lazy\"\n\t\t\t\t\t\t\tdecoding=\"async\"\n\t\t\t\t\t\t>\n\t\t\t\t\t<\/div>\n\t\t\t\t\n\t\t\t\t\t\t\t\t\t\t<div class=\"cards-grid__content\">\n\t\t\t\t\t\t\t\t\t\t\t\t\t<div class=\"cards-grid__headline-wrapper\">\n\t\t\t\t\t\t\t\t<h3 class=\"cards-grid__headline\">NWSL+ <\/h3>\n\t\t\t\t\t\t\t\t\t\t\t\t\t\t\t<\/div>\n\t\t\t\t\t\t\n\t\t\t\t\t\t\t\t\t\t\t\t\t<div class=\"cards-grid__description\">La plataforma oficial de streaming de la liga. Ofrece partidos en directo y a la carta, incluidos algunos que no emiten las cadenas nacionales. Registro y retransmisi\u00f3n gratuitos.<\/div>\n\t\t\t\t\t\t\n\t\t\t\t\t\t\t\t\t\t\t\t\t\t\t\t\t\t\t<div class=\"cards-grid__button\">\n\t\t\t\t\t\t\t\t<a\n\t\t\t\t\t\t\t\t\thref=\"https:\/\/plus.nwslsoccer.com\/home?from=%2F&#038;utm_source=nwsl&#038;utm_medium=homepage&#038;utm_campaign=nwslsoccer&#038;_gl=1*6e6ov2*_gcl_au*MTU1MDQ1NTk3OS4xNzcwOTEyMDIz\"\n\t\t\t\t\t\t\t\t\tclass=\"btn primary\"\n\t\t\t\t\t\t\t\t\ttarget=\"_blank\" rel=\"noopener noreferrer\"\t\t\t\t\t\t\t\t>\n\t\t\t\t\t\t\t\t\tVer ahora\n\t\t\t\t\t\t\t\t<\/a>\n\t\t\t\t\t\t\t<\/div>\n\t\t\t\t\t\t\t\t\t\t\t<\/div>\n\t\t\t\t<\/article>\n\t\t\t<article class=\"cards-grid__card splide__slide\">\n\t\t\t\t\t\t\t\t\t\t\t\t\t\t\t\t\t<div class=\"cards-grid__media\">\n\t\t\t\t\t\t<img\n\t\t\t\t\t\t\tsrc=\"https:\/\/www.denversummitfc.com\/app\/uploads\/2026\/03\/Broadcaster-logos-the-spot-800x450.jpg\"\n\t\t\t\t\t\t\talt=\"The_Spot_logo\"\n\t\t\t\t\t\t\tclass=\"cards-grid__image\"\n\t\t\t\t\t\t\twidth=\"800\"\n\t\t\t\t\t\t\theight=\"450\"\n\t\t\t\t\t\t\tloading=\"lazy\"\n\t\t\t\t\t\t\tdecoding=\"async\"\n\t\t\t\t\t\t>\n\t\t\t\t\t<\/div>\n\t\t\t\t\n\t\t\t\t\t\t\t\t\t\t<div class=\"cards-grid__content\">\n\t\t\t\t\t\t\t\t\t\t\t\t\t<div class=\"cards-grid__headline-wrapper\">\n\t\t\t\t\t\t\t\t<h3 class=\"cards-grid__headline\">La mancha - Denver 3<\/h3>\n\t\t\t\t\t\t\t\t\t\t\t\t\t\t\t<\/div>\n\t\t\t\t\t\t\n\t\t\t\t\t\t\t\t\t\t\t\t\t<div class=\"cards-grid__description\">Denver 3: Como socio emisor oficial, The Spot -Denver 3 est\u00e1 disponible en el canal 3, gratis por aire con una antena digital, y en la mayor\u00eda de los principales proveedores de cable y sat\u00e9lite en toda el \u00e1rea de Denver.<\/div>\n\t\t\t\t\t\t\n\t\t\t\t\t\t\t\t\t\t\t\t\t\t\t\t\t\t\t<div class=\"cards-grid__button\">\n\t\t\t\t\t\t\t\t<a\n\t\t\t\t\t\t\t\t\thref=\"https:\/\/www.denver7.com\/sports\/denver-summit-fc\"\n\t\t\t\t\t\t\t\t\tclass=\"btn primary\"\n\t\t\t\t\t\t\t\t\ttarget=\"_blank\" rel=\"noopener noreferrer\"\t\t\t\t\t\t\t\t>\n\t\t\t\t\t\t\t\t\tVer ahora\n\t\t\t\t\t\t\t\t<\/a>\n\t\t\t\t\t\t\t<\/div>\n\t\t\t\t\t\t\t\t\t\t\t<\/div>\n\t\t\t\t<\/article>\n\t\t\t\t\t\t<\/div>\n\t\t<\/div>\n\t<\/div>\n\t<\/section>\n\n\n\n\n<div\tid=\"block_8e00449df0597bce6818d3f19a968c4c\"\n\tclass=\"content-block\"\n\t>\n\t<div class=\"content-block__container\">\n\t\t\t\t<div class=\"content-block__inner\">\n\t\t\t\t\t\t<\/div>\n\t<\/div>\n<\/div>\n\t\n\n\n\n<div\tid=\"block_a6c2f94eb4759d9b2f2de1c8813e6da7\"\n\tclass=\"content-block\"\n\t>\n\t<div class=\"content-block__container\">\n\t\t\t\t<div class=\"content-block__inner\">\n\t\t\t\t\t\t\t            \t\t\t\t<div class=\"content-block__content content-block__content--boxed\">\n\t\t\t\t\t\n\n\n\n\n\n\n<p>No se pierda ni un momento, sintonice en directo los canales de arriba y forme parte del primer cap\u00edtulo de la historia de la Cumbre.<\/p>\n<p>Consulte nuestro calendario para encontrar el partido que desea ver y ver qui\u00e9nes son los socios de retransmisi\u00f3n para esa fecha.<\/p>\n\n\n\n\n\n\n\n\n\n\n\n\n\n\n<p style=\"text-align: center\"><a class=\"cta-button\" href=\"https:\/\/www.denversummitfc.com\/es\/schedule\/\" target=\"_blank\" rel=\"noopener\">Ver calendario<\/a><\/p>\n\n\n\n\n\n\n\n\n\t\t\t\t<\/div>\n\t\t\t\t<\/div>\n\t<\/div>\n<\/div>","protected":false},"excerpt":{"rendered":"","protected":false},"author":6,"featured_media":0,"parent":0,"menu_order":0,"comment_status":"closed","ping_status":"closed","template":"","meta":{"_acf_changed":true,"_seopress_robots_primary_cat":"","_seopress_titles_title":"Ways to Watch Denver Summit FC","_seopress_titles_desc":"As Summit takes the pitch for the first time, our games will be featured across a dynamic lineup of national and league broadcast partners. That means more ways than ever to watch, stream, and follow the action wherever you are.","_seopress_robots_index":"","footnotes":""},"class_list":["post-974","page","type-page","status-publish","hentry"],"acf":[],"_links":{"self":[{"href":"https:\/\/www.denversummitfc.com\/es\/wp-json\/wp\/v2\/pages\/974","targetHints":{"allow":["GET"]}}],"collection":[{"href":"https:\/\/www.denversummitfc.com\/es\/wp-json\/wp\/v2\/pages"}],"about":[{"href":"https:\/\/www.denversummitfc.com\/es\/wp-json\/wp\/v2\/types\/page"}],"author":[{"embeddable":true,"href":"https:\/\/www.denversummitfc.com\/es\/wp-json\/wp\/v2\/users\/6"}],"replies":[{"embeddable":true,"href":"https:\/\/www.denversummitfc.com\/es\/wp-json\/wp\/v2\/comments?post=974"}],"version-history":[{"count":0,"href":"https:\/\/www.denversummitfc.com\/es\/wp-json\/wp\/v2\/pages\/974\/revisions"}],"wp:attachment":[{"href":"https:\/\/www.denversummitfc.com\/es\/wp-json\/wp\/v2\/media?parent=974"}],"curies":[{"name":"wp","href":"https:\/\/api.w.org\/{rel}","templated":true}]}}