{"id":958,"date":"2026-03-04T15:10:05","date_gmt":"2026-03-04T22:10:05","guid":{"rendered":"https:\/\/www.denversummitfc.com\/?page_id=958"},"modified":"2026-05-08T10:20:48","modified_gmt":"2026-05-08T16:20:48","slug":"denver-summit-fc-watch-parties","status":"publish","type":"page","link":"https:\/\/www.denversummitfc.com\/es\/denver-summit-fc-watch-parties\/","title":{"rendered":"Denver Summit FC Watch Parties"},"content":{"rendered":"<div class=\"wp-block-denverfc-media\" >\n\t\n\t\t\t<figure class=\"media-image\">\n\t\t\t<img\n\t\t\t\tsrc=\"https:\/\/www.denversummitfc.com\/app\/uploads\/2026\/04\/20260314_DenverSummitWatchParty_GH-10-1600x900.jpg\"\n\t\t\t\talt=\"Denver_Summit_14ers_Watch_party\"\n\t\t\t\twidth=\"1600\"\n\t\t\t\theight=\"900\"\n\t\t\t\tloading=\"lazy\"\n\t\t\t\/>\n\t\t<\/figure>\n\t\n\t<\/div>\n\n\n\n\n<div\tid=\"block_49ca5adc6c4b5efcd0165c8c278d47e8\"\n\tclass=\"content-block\"\n\t>\n\t<div class=\"content-block__container\">\n\t\t\t\t<div class=\"content-block__inner\">\n\t\t\t\t\t<h2 class=\"content-block__headline content-block__headline--left\">Vive la escalada: \u00fanete a las fiestas oficiales para ver la carrera<\/h2>\n\t\t\t\t\t\t\t            \t\t\t\t<div class=\"content-block__content content-block__content--boxed\">\n\t\t\t\t\t<p>Acomp\u00e1\u00f1anos en los lugares oficiales de transmisi\u00f3n de los partidos de visitante del Denver Summit FC. Este no es un partido cualquiera: es el primer cap\u00edtulo de la historia del Summit. Desde el pitazo inicial hasta el \u00faltimo gol, rod\u00e9ate de aficionados listos para corear m\u00e1s fuerte, celebrar con m\u00e1s entusiasmo y mostrarle a la liga c\u00f3mo es el apoyo de Colorado. Ponte los colores del equipo, trae a tus amigos y ay\u00fadanos a marcar el tono de una temporada que comienza con energ\u00eda, orgullo y una ciudad unida detr\u00e1s del Denver Summit FC.<\/p>\n\n\t\t\t\t<\/div>\n\t\t\t\t<\/div>\n\t<\/div>\n<\/div>\n\t\n\n\n<section class=\"split-content split-content--image-left\" role=\"region\" aria-label=\"Secci\u00f3n de contenido dividido\">\n\t<div class=\"split-content__container\">\n\t\t\t\t\t<div class=\"split-content__image-wrapper\">\n\t\t\t\t<img\n\t\t\t\t\tsrc=\"https:\/\/www.denversummitfc.com\/app\/uploads\/2026\/04\/20260314_DenverSummitWatchParty_GH-047.jpg\"\n\t\t\t\t\tsrcset=\"https:\/\/www.denversummitfc.com\/app\/uploads\/2026\/04\/20260314_DenverSummitWatchParty_GH-047.jpg 1680w, https:\/\/www.denversummitfc.com\/app\/uploads\/2026\/04\/20260314_DenverSummitWatchParty_GH-047-800x533.jpg 800w, https:\/\/www.denversummitfc.com\/app\/uploads\/2026\/04\/20260314_DenverSummitWatchParty_GH-047-1600x1067.jpg 1600w, https:\/\/www.denversummitfc.com\/app\/uploads\/2026\/04\/20260314_DenverSummitWatchParty_GH-047-768x512.jpg 768w, https:\/\/www.denversummitfc.com\/app\/uploads\/2026\/04\/20260314_DenverSummitWatchParty_GH-047-1536x1024.jpg 1536w\"\t\t\t\t\tsizes=\"auto, (max-width: 1680px) 100vw, 1680px\"\t\t\t\t\talt=\"\"\n\t\t\t\t\twidth=\"1680\"\n\t\t\t\t\theight=\"1120\"\n\t\t\t\t\tclass=\"split-content__image\"\n\t\t\t\t\tloading=\"lazy\"\n\t\t\t\t\/>\n\t\t\t<\/div>\n\t\t\n\t\t<div class=\"split-content__content\">\n\t\t\t\t\t\t\t<h2 class=\"split-content__headline\">Fiestas oficiales para ver la Cumbre de Denver<\/h2>\n\t\t\t\n\t\t\t\t\t\t\t<div class=\"split-content__text\">\n\t\t\t\t\t<p><span style=\"color: #20604e;font-family: 'VTC Martin', Impact, Haettenschweiler, 'Franklin Gothic Bold', 'Arial Narrow', 'Gothic A1', sans-serif;font-size: 1.5rem;text-transform: uppercase\">S\u00e1bado, 23 de mayo<\/span><\/p>\n<p><a href=\"https:\/\/share.google\/PplNihEASWp2EFksW\" target=\"_blank\" rel=\"noopener\"><span style=\"font-weight: 400\">DNVR<\/span><\/a><\/p>\n<ul>\n<li><span style=\"font-weight: 400\">2239 E. Colfax Ave<\/span><\/li>\n<li>16:00 \u2013 18:30<\/li>\n<li><span style=\"font-weight: 400\">Hay estacionamiento disponible en la calle<\/span><\/li>\n<\/ul>\n\n\t\t\t\t<\/div>\n\t\t\t\n\t\t\t\t\t<\/div>\n\t<\/div>\n<\/section>\n\n\n\n<section class=\"split-content split-content--image-right\" role=\"region\" aria-label=\"Secci\u00f3n de contenido dividido\">\n\t<div class=\"split-content__container\">\n\t\t\t\t\t<div class=\"split-content__image-wrapper\">\n\t\t\t\t<img\n\t\t\t\t\tsrc=\"https:\/\/www.denversummitfc.com\/app\/uploads\/2026\/03\/1RB1216.jpg\"\n\t\t\t\t\tsrcset=\"https:\/\/www.denversummitfc.com\/app\/uploads\/2026\/03\/1RB1216.jpg 1680w, https:\/\/www.denversummitfc.com\/app\/uploads\/2026\/03\/1RB1216-800x533.jpg 800w, https:\/\/www.denversummitfc.com\/app\/uploads\/2026\/03\/1RB1216-1600x1066.jpg 1600w, https:\/\/www.denversummitfc.com\/app\/uploads\/2026\/03\/1RB1216-768x512.jpg 768w, https:\/\/www.denversummitfc.com\/app\/uploads\/2026\/03\/1RB1216-1536x1023.jpg 1536w\"\t\t\t\t\tsizes=\"auto, (max-width: 1680px) 100vw, 1680px\"\t\t\t\t\talt=\"Denver_Summit_FC_watch_party\"\n\t\t\t\t\twidth=\"1680\"\n\t\t\t\t\theight=\"1119\"\n\t\t\t\t\tclass=\"split-content__image\"\n\t\t\t\t\tloading=\"lazy\"\n\t\t\t\t\/>\n\t\t\t<\/div>\n\t\t\n\t\t<div class=\"split-content__content\">\n\t\t\t\t\t\t\t<h2 class=\"split-content__headline\">Fiestas para ver los 14ers<\/h2>\n\t\t\t\n\t\t\t\t\t\t\t<div class=\"split-content__text\">\n\t\t\t\t\t<p>\u00danete a nuestro grupo oficial de aficionados, \u2019The 14ers\u00bb, en sus puntos de reuni\u00f3n oficiales para ver los partidos fuera de casa del Denver Summit FC.<\/p>\n<h4>Saturday, May 9<\/h4>\n<p><a href=\"https:\/\/share.google\/6yNz6HCDo0mKixsw8\" target=\"_blank\" rel=\"noopener\">Joe Willy\u2019s<\/a><\/p>\n<ul>\n<li>1310 S Broadway, Denver, CO 80210<\/li>\n<li>6 p. m. (hora de la monta\u00f1a)<\/li>\n<\/ul>\n<p><a href=\"https:\/\/share.google\/FQ9ZGmkRCgJCqHRoZ\" target=\"_blank\" rel=\"noopener\">La Justicia<\/a><\/p>\n<ul>\n<li>3242 S. Acoma St., Englewood, CO 80110<\/li>\n<li>6 p. m. (hora de la monta\u00f1a)<\/li>\n<\/ul>\n<p><a href=\"https:\/\/share.google\/ibZ1tqgwevjP23HL4\" target=\"_blank\" rel=\"noopener\"><span data-sheets-root=\"1\">El bar deportivo The 99ers<\/span><\/a><\/p>\n<ul>\n<li><span class=\"LrzXr\">909 E Colfax Ave, Denver, CO 80218<\/span><\/li>\n<li>6 p. m. (hora de la monta\u00f1a)<\/li>\n<\/ul>\n\n\t\t\t\t<\/div>\n\t\t\t\n\t\t\t\t\t<\/div>\n\t<\/div>\n<\/section>\n\n\n\n\n<div\tid=\"block_60f52078d02d093887f156cead24cd64\"\n\tclass=\"content-block\"\n\t>\n\t<div class=\"content-block__container\">\n\t\t\t\t<div class=\"content-block__inner\">\n\t\t\t\t\t\t<\/div>\n\t<\/div>\n<\/div>","protected":false},"excerpt":{"rendered":"","protected":false},"author":6,"featured_media":0,"parent":0,"menu_order":0,"comment_status":"closed","ping_status":"closed","template":"","meta":{"_acf_changed":true,"_seopress_robots_primary_cat":"","_seopress_titles_title":"Denver Summit FC Watch Parties","_seopress_titles_desc":"Join fellow supporters at official Denver Summit FC watch parties across the metro area as Colorado\u2019s first professional women\u2019s soccer club takes the pitch for its inaugural season matches.","_seopress_robots_index":"","footnotes":""},"class_list":["post-958","page","type-page","status-publish","hentry"],"acf":[],"_links":{"self":[{"href":"https:\/\/www.denversummitfc.com\/es\/wp-json\/wp\/v2\/pages\/958","targetHints":{"allow":["GET"]}}],"collection":[{"href":"https:\/\/www.denversummitfc.com\/es\/wp-json\/wp\/v2\/pages"}],"about":[{"href":"https:\/\/www.denversummitfc.com\/es\/wp-json\/wp\/v2\/types\/page"}],"author":[{"embeddable":true,"href":"https:\/\/www.denversummitfc.com\/es\/wp-json\/wp\/v2\/users\/6"}],"replies":[{"embeddable":true,"href":"https:\/\/www.denversummitfc.com\/es\/wp-json\/wp\/v2\/comments?post=958"}],"version-history":[{"count":0,"href":"https:\/\/www.denversummitfc.com\/es\/wp-json\/wp\/v2\/pages\/958\/revisions"}],"wp:attachment":[{"href":"https:\/\/www.denversummitfc.com\/es\/wp-json\/wp\/v2\/media?parent=958"}],"curies":[{"name":"wp","href":"https:\/\/api.w.org\/{rel}","templated":true}]}}