{"id":41,"date":"2025-12-15T12:46:35","date_gmt":"2025-12-15T18:46:35","guid":{"rendered":"\/?page_id=41"},"modified":"2026-04-29T12:55:39","modified_gmt":"2026-04-29T18:55:39","slug":"contact-us","status":"publish","type":"page","link":"https:\/\/www.denversummitfc.com\/es\/contact-us\/","title":{"rendered":"P\u00f3ngase en contacto con nosotros"},"content":{"rendered":"<div\tid=\"block_ee69482c1a0af013a02f0184713e05af\"\n\tclass=\"content-block\"\n\t>\n\t<div class=\"content-block__container\">\n\t\t\t\t<div class=\"content-block__inner\">\n\t\t\t\t\t<h2 class=\"content-block__headline content-block__headline--left\">CONTACTO<\/h2>\n\t\t\t\t\t\t<\/div>\n\t<\/div>\n<\/div>\n\t\n\n\n\n<section\tid=\"block_ec94a9c132d0f7302d0cc7091adb9a78\"\n\tclass=\"content-block\"\n\t>\n\t<div class=\"content-block__container\">\n\t\t\t\t\t<div class=\"content-block__section-title\">ENTRADAS<\/div>\n\t\t\t\t<div class=\"content-block__inner\">\n\t\t\t\t\t\t\t            \t\t\t\t<div class=\"content-block__content content-block__content--boxed\">\n\t\t\t\t\t<p>\u00bfTiene preguntas sobre las entradas para el Denver Summit FC? P\u00f3ngase en contacto con nosotros en <a href=\"tel:7206738755\" target=\"_blank\" rel=\"noopener\">720-673-8755<\/a>.<\/p>\n\n<a class=\"link animate-arrow\" href=\"mailto:tickets@denversummitfc.com\">tickets@denversummitfc.com<\/a>\n\n\n\t\t\t\t<\/div>\n\t\t\t\t<\/div>\n\t<\/div>\n<\/section>\n\t\n\n\n\n<section\tid=\"block_a573a14dd595892cab24b78360bd360c\"\n\tclass=\"content-block\"\n\t>\n\t<div class=\"content-block__container\">\n\t\t\t\t\t<div class=\"content-block__section-title\">MERCANC\u00cdAS<\/div>\n\t\t\t\t<div class=\"content-block__inner\">\n\t\t\t\t\t\t\t            \t\t\t\t<div class=\"content-block__content content-block__content--boxed\">\n\t\t\t\t\t\n<p>\u00bfBuscas ropa del Denver Summit FC? Ponte en contacto con nosotros si tienes preguntas sobre pedidos, tallas, disponibilidad u otras necesidades relacionadas con la mercanc\u00eda.<\/p>\n\n<p><a class=\"link animate-arrow\" href=\"mailto:Team@Denversummitshop.com\">team@denversummitshop.com<span class=\"svg-wrapper\"><span class=\"icon-wrap\">\u00a0<\/span><\/span><\/a><\/p>\n\n\t\t\t\t<\/div>\n\t\t\t\t<\/div>\n\t<\/div>\n<\/section>\n\t\n\n\n\n<section\tid=\"block_060169ff3ca082e7741f9a40bd603fb2\"\n\tclass=\"content-block\"\n\t>\n\t<div class=\"content-block__container\">\n\t\t\t\t\t<div class=\"content-block__section-title\">CARRERAS<\/div>\n\t\t\t\t<div class=\"content-block__inner\">\n\t\t\t\t\t\t\t            \t\t\t\t<div class=\"content-block__content content-block__content--boxed\">\n\t\t\t\t\t\n<p>\u00bfInteresado en unirse al equipo? Explora las oportunidades actuales con Denver Summit FC y ayuda a dar forma al futuro del f\u00fatbol femenino profesional en Colorado.<\/p>\n\n<p><a class=\"link animate-arrow\" href=\"https:\/\/www.teamworkonline.com\/soccer-jobs\/denver-nwsl-jobs\/denver-nwsl-jobs\">Ver puestos vacantes<\/a><\/p>\n\n\t\t\t\t<\/div>\n\t\t\t\t<\/div>\n\t<\/div>\n<\/section>\n\t\n\n\n\n<section\tid=\"block_81a48bb44de9193ae01ec344c79d02d4\"\n\tclass=\"content-block\"\n\t>\n\t<div class=\"content-block__container\">\n\t\t\t\t\t<div class=\"content-block__section-title\">SOCIOS<\/div>\n\t\t\t\t<div class=\"content-block__inner\">\n\t\t\t\t\t\t\t            \t\t\t\t<div class=\"content-block__content content-block__content--boxed\">\n\t\t\t\t\t\n<p>El Denver Summit FC busca alianzas con empresas y organizaciones dedicadas a fomentar el crecimiento, el impacto y las oportunidades impulsadas por el f\u00fatbol femenino.<\/p>\n\n<p><a class=\"link animate-arrow\" href=\"mailto:Sponsorships@denversummitfc.com\">sponsorships@denversummitfc.com<\/a><\/p>\n\n\t\t\t\t<\/div>\n\t\t\t\t<\/div>\n\t<\/div>\n<\/section>\n\t\n\n\n\n<section\tid=\"block_fedbe943153dc37ed26304e5d68554d7\"\n\tclass=\"content-block\"\n\t>\n\t<div class=\"content-block__container\">\n\t\t\t\t\t<div class=\"content-block__section-title\">COMUNIDAD<\/div>\n\t\t\t\t<div class=\"content-block__inner\">\n\t\t\t\t\t\t\t            \t\t\t\t<div class=\"content-block__content content-block__content--boxed\">\n\t\t\t\t\t\n<p>El Denver Summit FC da prioridad a la comunidad y valora la colaboraci\u00f3n con organizaciones que tienen un impacto positivo en el \u00e1rea de Denver. Env\u00edenos un correo electr\u00f3nico para conectarse.<\/p>\n\n<p><a class=\"link animate-arrow\" href=\"mailto:community@denversummitfc.com\">community@denversummitfc.com<\/a><\/p>\n\n\t\t\t\t<\/div>\n\t\t\t\t<\/div>\n\t<\/div>\n<\/section>\n\t\n\n\n\n<section\tid=\"block_80e66d2c92a4bdd9adb562ce0cb1852f\"\n\tclass=\"content-block\"\n\t>\n\t<div class=\"content-block__container\">\n\t\t\t\t\t<div class=\"content-block__section-title\">PRENSA<\/div>\n\t\t\t\t<div class=\"content-block__inner\">\n\t\t\t\t\t\t\t            \t\t\t\t<div class=\"content-block__content content-block__content--boxed\">\n\t\t\t\t\t\n<p>Para consultas de prensa, p\u00f3ngase en contacto con el Departamento de Comunicaciones del Denver Summit FC.<\/p>\n\n<p><a class=\"link animate-arrow\" href=\"mailto:press@denversummitfc.com\">press@denversummitfc.com<\/a><\/p>\n\n\t\t\t\t<\/div>\n\t\t\t\t<\/div>\n\t<\/div>\n<\/section>","protected":false},"excerpt":{"rendered":"","protected":false},"author":7,"featured_media":0,"parent":0,"menu_order":0,"comment_status":"closed","ping_status":"closed","template":"","meta":{"_acf_changed":true,"_seopress_robots_primary_cat":"","_seopress_titles_title":"Contact Us - Denver Summit FC | Tickets, Gear & Partnerships","_seopress_titles_desc":"Looking for Denver Summit FC tickets or gear? Contact Colorado\u2019s professional women\u2019s soccer team for help with orders, sponsorships, community events, and press inquiries.","_seopress_robots_index":"","footnotes":""},"class_list":["post-41","page","type-page","status-publish","hentry"],"acf":[],"_links":{"self":[{"href":"https:\/\/www.denversummitfc.com\/es\/wp-json\/wp\/v2\/pages\/41","targetHints":{"allow":["GET"]}}],"collection":[{"href":"https:\/\/www.denversummitfc.com\/es\/wp-json\/wp\/v2\/pages"}],"about":[{"href":"https:\/\/www.denversummitfc.com\/es\/wp-json\/wp\/v2\/types\/page"}],"author":[{"embeddable":true,"href":"https:\/\/www.denversummitfc.com\/es\/wp-json\/wp\/v2\/users\/7"}],"replies":[{"embeddable":true,"href":"https:\/\/www.denversummitfc.com\/es\/wp-json\/wp\/v2\/comments?post=41"}],"version-history":[{"count":0,"href":"https:\/\/www.denversummitfc.com\/es\/wp-json\/wp\/v2\/pages\/41\/revisions"}],"wp:attachment":[{"href":"https:\/\/www.denversummitfc.com\/es\/wp-json\/wp\/v2\/media?parent=41"}],"curies":[{"name":"wp","href":"https:\/\/api.w.org\/{rel}","templated":true}]}}