{"id":15,"date":"2025-12-15T12:41:54","date_gmt":"2025-12-15T18:41:54","guid":{"rendered":"\/?page_id=15"},"modified":"2026-05-04T15:00:24","modified_gmt":"2026-05-04T21:00:24","slug":"club-5280","status":"publish","type":"page","link":"https:\/\/www.denversummitfc.com\/es\/club-5280\/","title":{"rendered":"Club 5280"},"content":{"rendered":"<div class=\"wp-block-denverfc-media\" >\n\t\n\t\t\t<figure class=\"media-image\">\n\t\t\t<img\n\t\t\t\tsrc=\"https:\/\/www.denversummitfc.com\/app\/uploads\/2026\/04\/dsfc26_Club5280_Web_2x1-1600x800.jpg\"\n\t\t\t\talt=\"Denver_Summit_FC_Club_5280\"\n\t\t\t\twidth=\"1600\"\n\t\t\t\theight=\"800\"\n\t\t\t\tloading=\"lazy\"\n\t\t\t\/>\n\t\t<\/figure>\n\t\n\t<\/div>\n\n\n\n\n<div\tid=\"block_f6b365d503f38efb655b404457e5d53a\"\n\tclass=\"content-block\"\n\t>\n\t<div class=\"content-block__container\">\n\t\t\t\t<div class=\"content-block__inner\">\n\t\t\t\t\t\t\t            \t\t\t\t<div class=\"content-block__content content-block__content--boxed\">\n\t\t\t\t\t<p>El Club 5280 es el programa oficial de socios del Denver Summit FC, creado para los aficionados que desean formar parte del club desde el primer d\u00eda. Como socio fundador, no solo est\u00e1s siguiendo esta aventura, sino que est\u00e1s ayudando a darle forma.<\/p>\n<p>Tu membres\u00eda es tu v\u00ednculo directo con el club, y te da acceso a ventajas exclusivas, recompensas y experiencias dise\u00f1adas especialmente para ti.<\/p>\n<p style=\"text-align: center\"><a class=\"cta-button\" href=\"https:\/\/tickets.denversummitfc.com\/offers\/4851\" target=\"_blank\" rel=\"noopener\">Comprar suscripci\u00f3n<\/a><\/p>\n\n\t\t\t\t<\/div>\n\t\t\t\t<\/div>\n\t<\/div>\n<\/div>\n\t\n\n\n<section\n\tid=\"cards-grid-69fe9acb41c36\"\n\tclass=\"wp-block-club-cards-grid\"\n\trole=\"region\"\n\taria-label=\"Ventajas para los socios\">\n\t\t\t<div class=\"cards-grid__heading\">\n\t\t\t\n\n<h2 class=\"component-title\">\n  Ventajas para los socios\n<\/h2>\n\t\t<\/div>\n\t\n\t\t\t<div class=\"cards-grid-carousel splide\" role=\"region\" aria-label=\"Carrusel de tarjetas\">\n\t\t\t<div class=\"splide__track\">\n\t\t\t\t<div class=\"cards-grid__container cards-grid__container--3 Cards-cols splide__list\">\n\t\t\t\t\t<article class=\"cards-grid__card splide__slide cards-grid__card--icon\">\n\t\t\t\t\t\t\t\t\t\t\t\t\n\t\t\t\t\t\t\t\t\t\t<div class=\"cards-grid__content\">\n\t\t\t\t\t\t\t\t\t\t\t\t\t<div class=\"cards-grid__headline-wrapper\">\n\t\t\t\t\t\t\t\t<h3 class=\"cards-grid__headline\">Lista de espera para abonados<\/h3>\n\t\t\t\t\t\t\t\t\t\t\t\t\t\t\t\t\t<span class=\"cards-grid__icon dashicons dashicons-star-filled\" aria-hidden=\"true\"><\/span>\n\t\t\t\t\t\t\t\t\t\t\t\t\t\t\t<\/div>\n\t\t\t\t\t\t\n\t\t\t\t\t\t\t\t\t\t\t\t\t<div class=\"cards-grid__description\">Las entradas de temporada para la temporada 2026 ya est\u00e1n agotadas. Aseg\u00farate ahora tu lugar en la lista de espera oficial y s\u00e9 el primero en acceder a ellas cuando haya m\u00e1s entradas disponibles.<\/div>\n\t\t\t\t\t\t\n\t\t\t\t\t\t\t\t\t\t\t\t\t\t\t\t\t<\/div>\n\t\t\t\t<\/article>\n\t\t\t<article class=\"cards-grid__card splide__slide cards-grid__card--icon\">\n\t\t\t\t\t\t\t\t\t\t\t\t\n\t\t\t\t\t\t\t\t\t\t<div class=\"cards-grid__content\">\n\t\t\t\t\t\t\t\t\t\t\t\t\t<div class=\"cards-grid__headline-wrapper\">\n\t\t\t\t\t\t\t\t<h3 class=\"cards-grid__headline\">Entradas con descuento para un solo partido<\/h3>\n\t\t\t\t\t\t\t\t\t\t\t\t\t\t\t\t\t<span class=\"cards-grid__icon dashicons dashicons-tickets-alt\" aria-hidden=\"true\"><\/span>\n\t\t\t\t\t\t\t\t\t\t\t\t\t\t\t<\/div>\n\t\t\t\t\t\t\n\t\t\t\t\t\t\t\t\t\t\t\t\t<div class=\"cards-grid__description\">Compra entradas para cualquier partido individual en el Centennial Stadium a un precio especial con descuento.<\/div>\n\t\t\t\t\t\t\n\t\t\t\t\t\t\t\t\t\t\t\t\t\t\t\t\t\t\t<div class=\"cards-grid__button\">\n\t\t\t\t\t\t\t\t<a\n\t\t\t\t\t\t\t\t\thref=\"https:\/\/tickets.denversummitfc.com\/?tab=club-5280-ticket-offers&#038;documentId=g9i8r8pfhmmcrc4pg4ncsctb\"\n\t\t\t\t\t\t\t\t\tclass=\"btn primary\"\n\t\t\t\t\t\t\t\t\ttarget=\"_blank\" rel=\"noopener noreferrer\"\t\t\t\t\t\t\t\t>\n\t\t\t\t\t\t\t\t\tComprar ahora\n\t\t\t\t\t\t\t\t<\/a>\n\t\t\t\t\t\t\t<\/div>\n\t\t\t\t\t\t\t\t\t\t\t<\/div>\n\t\t\t\t<\/article>\n\t\t\t<article class=\"cards-grid__card splide__slide cards-grid__card--icon\">\n\t\t\t\t\t\t\t\t\t\t\t\t\n\t\t\t\t\t\t\t\t\t\t<div class=\"cards-grid__content\">\n\t\t\t\t\t\t\t\t\t\t\t\t\t<div class=\"cards-grid__headline-wrapper\">\n\t\t\t\t\t\t\t\t<h3 class=\"cards-grid__headline\">Acceso prioritario y eventos<\/h3>\n\t\t\t\t\t\t\t\t\t\t\t\t\t\t\t\t\t<span class=\"cards-grid__icon dashicons dashicons-awards\" aria-hidden=\"true\"><\/span>\n\t\t\t\t\t\t\t\t\t\t\t\t\t\t\t<\/div>\n\t\t\t\t\t\t\n\t\t\t\t\t\t\t\t\t\t\t\t\t<div class=\"cards-grid__description\">Consigue acceso anticipado a entradas para partidos individuales e invitaciones a eventos y experiencias exclusivas para socios a lo largo de toda la temporada.<\/div>\n\t\t\t\t\t\t\n\t\t\t\t\t\t\t\t\t\t\t\t\t\t\t\t\t<\/div>\n\t\t\t\t<\/article>\n\t\t\t<article class=\"cards-grid__card splide__slide cards-grid__card--icon\">\n\t\t\t\t\t\t\t\t\t\t\t\t\n\t\t\t\t\t\t\t\t\t\t<div class=\"cards-grid__content\">\n\t\t\t\t\t\t\t\t\t\t\t\t\t<div class=\"cards-grid__headline-wrapper\">\n\t\t\t\t\t\t\t\t<h3 class=\"cards-grid__headline\">Bufanda exclusiva para miembros fundadores<\/h3>\n\t\t\t\t\t\t\t\t\t\t\t\t\t\t\t\t\t<span class=\"cards-grid__icon dashicons dashicons-awards\" aria-hidden=\"true\"><\/span>\n\t\t\t\t\t\t\t\t\t\t\t\t\t\t\t<\/div>\n\t\t\t\t\t\t\n\t\t\t\t\t\t\t\t\t\t\t\t\t<div class=\"cards-grid__description\">Como miembro del Club 5280, ac\u00e9rcate al estadio durante cualquier partido en casa de la temporada 2026 o a los puntos de venta que aparecen en el bot\u00f3n de abajo para llevarte tu bufanda oficial del Club 5280. Descarga nuestra aplicaci\u00f3n y aseg\u00farate de iniciar sesi\u00f3n con tu cuenta de abonado.<\/div>\n\t\t\t\t\t\t\n\t\t\t\t\t\t\t\t\t\t\t\t\t\t\t\t\t\t\t<div class=\"cards-grid__button\">\n\t\t\t\t\t\t\t\t<a\n\t\t\t\t\t\t\t\t\thref=\"https:\/\/www.denversummitfc.com\/es\/news\/club-announcement\/club-5280-founding-member-scarves-now-available\/\"\n\t\t\t\t\t\t\t\t\tclass=\"btn primary\"\n\t\t\t\t\t\t\t\t\ttarget=\"_blank\" rel=\"noopener noreferrer\"\t\t\t\t\t\t\t\t>\n\t\t\t\t\t\t\t\t\tVer ubicaciones\n\t\t\t\t\t\t\t\t<\/a>\n\t\t\t\t\t\t\t<\/div>\n\t\t\t\t\t\t\t\t\t\t\t<\/div>\n\t\t\t\t<\/article>\n\t\t\t<article class=\"cards-grid__card splide__slide cards-grid__card--icon\">\n\t\t\t\t\t\t\t\t\t\t\t\t\n\t\t\t\t\t\t\t\t\t\t<div class=\"cards-grid__content\">\n\t\t\t\t\t\t\t\t\t\t\t\t\t<div class=\"cards-grid__headline-wrapper\">\n\t\t\t\t\t\t\t\t<h3 class=\"cards-grid__headline\">Art\u00edculos del Summit FC con descuento<\/h3>\n\t\t\t\t\t\t\t\t\t\t\t\t\t\t\t\t\t<span class=\"cards-grid__icon dashicons dashicons-cart\" aria-hidden=\"true\"><\/span>\n\t\t\t\t\t\t\t\t\t\t\t\t\t\t\t<\/div>\n\t\t\t\t\t\t\n\t\t\t\t\t\t\t\t\t\t\t\t\t<div class=\"cards-grid__description\">Disfruta de acceso anticipado a los nuevos lanzamientos de equipaciones y ahorra 10% en todos los productos oficiales del club en la Tienda del Equipo utilizando tu c\u00f3digo de socio.<\/div>\n\t\t\t\t\t\t\n\t\t\t\t\t\t\t\t\t\t\t\t\t\t\t\t\t\t\t<div class=\"cards-grid__button\">\n\t\t\t\t\t\t\t\t<a\n\t\t\t\t\t\t\t\t\thref=\"https:\/\/denversummitshop.com\/?utm_source=Denver_Summit_FC&#038;utm_medium=Website&#038;utm_campaign=club5280_page&#038;utm_geography=usa_all&#038;utm_product=merch\"\n\t\t\t\t\t\t\t\t\tclass=\"btn primary\"\n\t\t\t\t\t\t\t\t\ttarget=\"_blank\" rel=\"noopener noreferrer\"\t\t\t\t\t\t\t\t>\n\t\t\t\t\t\t\t\t\tComprar ahora\n\t\t\t\t\t\t\t\t<\/a>\n\t\t\t\t\t\t\t<\/div>\n\t\t\t\t\t\t\t\t\t\t\t<\/div>\n\t\t\t\t<\/article>\n\t\t\t<article class=\"cards-grid__card splide__slide cards-grid__card--icon\">\n\t\t\t\t\t\t\t\t\t\t\t\t\n\t\t\t\t\t\t\t\t\t\t<div class=\"cards-grid__content\">\n\t\t\t\t\t\t\t\t\t\t\t\t\t<div class=\"cards-grid__headline-wrapper\">\n\t\t\t\t\t\t\t\t<h3 class=\"cards-grid__headline\">Gestiona tu suscripci\u00f3n<\/h3>\n\t\t\t\t\t\t\t\t\t\t\t\t\t\t\t\t\t<span class=\"cards-grid__icon dashicons dashicons-admin-links\" aria-hidden=\"true\"><\/span>\n\t\t\t\t\t\t\t\t\t\t\t\t\t\t\t<\/div>\n\t\t\t\t\t\t\n\t\t\t\t\t\t\t\t\t\t\t\t\t<div class=\"cards-grid__description\">Accede a tus entradas, a la informaci\u00f3n sobre el partido y a contenido exclusivo desde cualquier lugar.<br \/>\r\nNota: Si ya has pagado el dep\u00f3sito para el abono de temporada o ya eres abonado, quedas autom\u00e1ticamente inscrito en el Club 5280 y puedes empezar a disfrutar de estas ventajas de inmediato.<\/div>\n\t\t\t\t\t\t\n\t\t\t\t\t\t\t\t\t\t\t\t\t\t\t\t\t\t\t<div class=\"cards-grid__button\">\n\t\t\t\t\t\t\t\t<a\n\t\t\t\t\t\t\t\t\thref=\"https:\/\/denversummitfc.onelink.me\/S9rE\/3apb4kvy\"\n\t\t\t\t\t\t\t\t\tclass=\"btn primary\"\n\t\t\t\t\t\t\t\t\ttarget=\"_blank\" rel=\"noopener noreferrer\"\t\t\t\t\t\t\t\t>\n\t\t\t\t\t\t\t\t\tDescargar ahora\n\t\t\t\t\t\t\t\t<\/a>\n\t\t\t\t\t\t\t<\/div>\n\t\t\t\t\t\t\t\t\t\t\t<\/div>\n\t\t\t\t<\/article>\n\t\t\t\t\t\t<\/div>\n\t\t<\/div>\n\t<\/div>\n\t<\/section>\n\n\n\n\n<div\tid=\"block_f06278a25f2cf3c561eeaaf4b9bf1d2e\"\n\tclass=\"content-block\"\n\t>\n\t<div class=\"content-block__container\">\n\t\t\t\t<div class=\"content-block__inner\">\n\t\t\t\t\t\t<\/div>\n\t<\/div>\n<\/div>\n\t\n\n\n<section class=\"split-content split-content--image-left\" role=\"region\" aria-label=\"Secci\u00f3n de contenido dividido\">\n\t<div class=\"split-content__container\">\n\t\t\t\t\t<div class=\"split-content__image-wrapper\">\n\t\t\t\t<img\n\t\t\t\t\tsrc=\"https:\/\/www.denversummitfc.com\/app\/uploads\/2026\/04\/club5280-landscape.gif\"\n\t\t\t\t\t\t\t\t\t\tsizes=\"auto, (max-width: 800px) 100vw, 800px\"\t\t\t\t\talt=\"Accessing_single_match-ticket_discount\"\n\t\t\t\t\twidth=\"800\"\n\t\t\t\t\theight=\"640\"\n\t\t\t\t\tclass=\"split-content__image\"\n\t\t\t\t\tloading=\"lazy\"\n\t\t\t\t\/>\n\t\t\t<\/div>\n\t\t\n\t\t<div class=\"split-content__content\">\n\t\t\t\t\t\t\t<h2 class=\"split-content__headline\">C\u00f3mo acceder a tu descuento en entradas para un partido individual<\/h2>\n\t\t\t\n\t\t\t\t\t\t\t<div class=\"split-content__text\">\n\t\t\t\t\t<p><a name=\"access\"><\/a><\/p>\n<ol>\n<li><strong>Iniciar sesi\u00f3n:<\/strong> Abre la aplicaci\u00f3n Summit en tu tel\u00e9fono y aseg\u00farate de haber iniciado sesi\u00f3n en tu cuenta de miembro del Club 5280.<\/li>\n<li><strong>Ve a la pesta\u00f1a \u00abComprar\u00bb<\/strong>: Toca la pesta\u00f1a \u00abComprar\u00bb situada en la parte inferior de la pantalla.<\/li>\n<li><strong>Selecciona tu oferta:<\/strong> En la parte superior de la pantalla, cambia de la pesta\u00f1a \u201cBoletos para un solo partido\u201d a la pesta\u00f1a \u00abOfertas de boletos para un solo partido del Club 5280\u00bb.\n<ol>\n<li>Ten en cuenta que este descuento solo se aplica a los partidos que se disputen en el Centennial Stadium<\/li>\n<\/ol>\n<\/li>\n<li><strong>Disfruta de tus ahorros:<\/strong>\u00a0\u00a1Echa un vistazo a los partidos disponibles y elige tus entradas con descuento!<\/li>\n<\/ol>\n\n\t\t\t\t<\/div>\n\t\t\t\n\t\t\t\t\t\t\t<div class=\"split-content__actions\">\n\t\t\t\t\t\t\t\t\t\t<a href=\"https:\/\/denversummitfc.onelink.me\/S9rE\/3apb4kvy\" class=\"split-content__button split-content__button--primary\" aria-label=\"Descargar ahora\" target=\"_blank\" rel=\"noopener noreferrer\">\n\t\t\t\t\t\t\tDescargar ahora\n\t\t\t\t\t\t<\/a>\n\t\t\t\t\t\t\t\t\t\t\t\t\t\t<\/div>\n\t\t\t\t\t<\/div>\n\t<\/div>\n<\/section>","protected":false},"excerpt":{"rendered":"","protected":false},"author":7,"featured_media":0,"parent":0,"menu_order":0,"comment_status":"closed","ping_status":"closed","template":"","meta":{"_acf_changed":true,"_seopress_robots_primary_cat":"","_seopress_titles_title":"Club 5280 | Denver Summit FC Official Fan Membership","_seopress_titles_desc":"Join Club 5280, the official membership of Denver Summit FC. Become a Founding Member to unlock exclusive rewards, ticket discounts, and priority access. Together We Climb.","_seopress_robots_index":"","footnotes":""},"class_list":["post-15","page","type-page","status-publish","hentry"],"acf":[],"_links":{"self":[{"href":"https:\/\/www.denversummitfc.com\/es\/wp-json\/wp\/v2\/pages\/15","targetHints":{"allow":["GET"]}}],"collection":[{"href":"https:\/\/www.denversummitfc.com\/es\/wp-json\/wp\/v2\/pages"}],"about":[{"href":"https:\/\/www.denversummitfc.com\/es\/wp-json\/wp\/v2\/types\/page"}],"author":[{"embeddable":true,"href":"https:\/\/www.denversummitfc.com\/es\/wp-json\/wp\/v2\/users\/7"}],"replies":[{"embeddable":true,"href":"https:\/\/www.denversummitfc.com\/es\/wp-json\/wp\/v2\/comments?post=15"}],"version-history":[{"count":0,"href":"https:\/\/www.denversummitfc.com\/es\/wp-json\/wp\/v2\/pages\/15\/revisions"}],"wp:attachment":[{"href":"https:\/\/www.denversummitfc.com\/es\/wp-json\/wp\/v2\/media?parent=15"}],"curies":[{"name":"wp","href":"https:\/\/api.w.org\/{rel}","templated":true}]}}