{"id":1471,"date":"2026-05-01T15:15:03","date_gmt":"2026-05-01T21:15:03","guid":{"rendered":"https:\/\/www.denversummitfc.com\/?page_id=1471"},"modified":"2026-05-01T15:18:13","modified_gmt":"2026-05-01T21:18:13","slug":"supporter-group-policy","status":"publish","type":"page","link":"https:\/\/www.denversummitfc.com\/es\/supporter-group-policy\/","title":{"rendered":"Pol\u00edtica del grupo de apoyo"},"content":{"rendered":"<div\tid=\"block_c4d91874c75887f182196dd629e19fef\"\n\tclass=\"content-block\"\n\t>\n\t<div class=\"content-block__container\">\n\t\t\t\t<div class=\"content-block__inner\">\n\t\t\t\t\t\t\t            \t\t\t\t<div class=\"content-block__content content-block__content--boxed\">\n\t\t\t\t\t<h2>\u00bfQui\u00e9nes son nuestros grupos de aficionados oficialmente reconocidos en la actualidad?<\/h2>\n<p><strong>Las cimas de m\u00e1s de 4.000 metros<\/strong> \u2013 Los 14ers son actualmente el \u00fanico grupo de aficionados del Denver Summit FC, y se dedican a fomentar una cultura din\u00e1mica e inclusiva en torno al club.<\/p>\n<p><strong>La misi\u00f3n del grupo<\/strong>: dar voz a los aficionados, celebrar el f\u00fatbol femenino y crear una experiencia en la que todos puedan compartir la pasi\u00f3n por el deporte. Los 14ers dan lo mejor de s\u00ed mismos tanto en casa como fuera. Los miembros y cualquier aficionado dispuesto a apoyar al equipo tienen a su disposici\u00f3n viajes a partidos fuera de casa, fiestas para ver los partidos, reuniones antes de los partidos y mucho m\u00e1s.<\/p>\n<p><a href=\"https:\/\/www.instagram.com\/14ersbasecamp\/\" target=\"_blank\" rel=\"noopener\">@14ersbasecamp<\/a> en Instagram<br \/>\n<a href=\"mailto:info@14erssupporters.com\" target=\"_blank\" rel=\"noopener\">info@14erssupporters.com<\/a><br \/>\n<a href=\"https:\/\/www.14erssupporters.com\/\" target=\"_blank\" rel=\"noopener\">https:\/\/www.14erssupporters.com\/<\/a><\/p>\n<h3>Requisitos previos<\/h3>\n<p>El Denver Summit FC se enorgullece de ser un referente en nuestra comunidad, y el hecho de contar con un conjunto de requisitos s\u00f3lidos para sus grupos de aficionados no hace m\u00e1s que consolidar nuestra posici\u00f3n como una instituci\u00f3n deportiva de primer nivel en Colorado y en todo Estados Unidos. Los siguientes requisitos permiten que nuestros grupos operen con responsabilidad profesional y estabilidad a largo plazo. Estas normas crean un frente unificado que refleja la excelencia por la que luchamos tanto dentro como fuera del campo. En \u00faltima instancia, estos requisitos previos fomentan una cultura de pasi\u00f3n que empodera a nuestros aficionados para que sean verdaderos campeones del club, representando de manera efectiva los valores del Summit en todo Denver y el estado de Colorado.<\/p>\n<p>Para convertirse en un grupo de aficionados reconocido oficialmente, cualquier grupo debe:<\/p>\n<ul>\n<li>Se requiere el pago de una cuota de afiliaci\u00f3n<\/li>\n<li>Contar con al menos 50 socios de pago al corriente de sus cuotas, de los cuales la mayor\u00eda sean socios del Club 5280<\/li>\n<li>Se han establecido estatutos y un proceso formal para elegir al menos 5 (cinco) cargos de liderazgo dentro del grupo<\/li>\n<li>Mantener una presencia activa en las redes sociales y gestionar su propio sitio web<\/li>\n<li>Debe tener la condici\u00f3n de organizaci\u00f3n 501(c)(4) o 501(c)(7), o estar tramit\u00e1ndola activamente<\/li>\n<\/ul>\n<p>Respetar y hacer cumplir las normas del Denver Summit FC y <a href=\"https:\/\/images.nwslsoccer.com\/image\/private\/t_q-good\/prd\/idi8d48vs7lkbwpy3v7h.pdf\" target=\"_blank\" rel=\"noopener\">C\u00f3digo de conducta para los aficionados de la NWSL<\/a><\/p>\n<p><strong>Cualquier grupo interesado en convertirse en un grupo de aficionados reconocido del Denver Summit FC puede ponerse en contacto con el Servicio de Atenci\u00f3n al Aficionado en <a href=\"mailto:supporters@denversummitfc.com\" target=\"_blank\" rel=\"noopener\">supporters@denversummitfc.com<\/a><\/strong><\/p>\n\n\t\t\t\t<\/div>\n\t\t\t\t<\/div>\n\t<\/div>\n<\/div>","protected":false},"excerpt":{"rendered":"","protected":false},"author":6,"featured_media":0,"parent":0,"menu_order":0,"comment_status":"closed","ping_status":"closed","template":"","meta":{"_acf_changed":true,"_seopress_robots_primary_cat":"","_seopress_titles_title":"","_seopress_titles_desc":"","_seopress_robots_index":"","footnotes":""},"class_list":["post-1471","page","type-page","status-publish","hentry"],"acf":[],"_links":{"self":[{"href":"https:\/\/www.denversummitfc.com\/es\/wp-json\/wp\/v2\/pages\/1471","targetHints":{"allow":["GET"]}}],"collection":[{"href":"https:\/\/www.denversummitfc.com\/es\/wp-json\/wp\/v2\/pages"}],"about":[{"href":"https:\/\/www.denversummitfc.com\/es\/wp-json\/wp\/v2\/types\/page"}],"author":[{"embeddable":true,"href":"https:\/\/www.denversummitfc.com\/es\/wp-json\/wp\/v2\/users\/6"}],"replies":[{"embeddable":true,"href":"https:\/\/www.denversummitfc.com\/es\/wp-json\/wp\/v2\/comments?post=1471"}],"version-history":[{"count":0,"href":"https:\/\/www.denversummitfc.com\/es\/wp-json\/wp\/v2\/pages\/1471\/revisions"}],"wp:attachment":[{"href":"https:\/\/www.denversummitfc.com\/es\/wp-json\/wp\/v2\/media?parent=1471"}],"curies":[{"name":"wp","href":"https:\/\/api.w.org\/{rel}","templated":true}]}}