{"id":138,"date":"2026-01-07T11:48:40","date_gmt":"2026-01-07T17:48:40","guid":{"rendered":"https:\/\/denverfc.wpenginepowered.com\/?page_id=138"},"modified":"2026-05-01T15:19:07","modified_gmt":"2026-05-01T21:19:07","slug":"supporters","status":"publish","type":"page","link":"https:\/\/www.denversummitfc.com\/es\/supporters\/","title":{"rendered":"Partidarios"},"content":{"rendered":"<section class=\"hero-block\" id=\"hero-block_aeacbe22c65e3c8e721f547f3c376f45\">\n      <div class=\"hero-block__background\">\n      <img decoding=\"async\"\n        src=\"https:\/\/www.denversummitfc.com\/app\/uploads\/2026\/04\/Denver_Summit_FC_14ers_3.jpg\"\n        alt=\"Denver_Summit_FC_14ers\"\n        srcset=\"https:\/\/www.denversummitfc.com\/app\/uploads\/2026\/04\/Denver_Summit_FC_14ers_3.jpg 2009w, https:\/\/www.denversummitfc.com\/app\/uploads\/2026\/04\/Denver_Summit_FC_14ers_3-800x450.jpg 800w, https:\/\/www.denversummitfc.com\/app\/uploads\/2026\/04\/Denver_Summit_FC_14ers_3-1600x900.jpg 1600w, https:\/\/www.denversummitfc.com\/app\/uploads\/2026\/04\/Denver_Summit_FC_14ers_3-768x432.jpg 768w, https:\/\/www.denversummitfc.com\/app\/uploads\/2026\/04\/Denver_Summit_FC_14ers_3-1536x864.jpg 1536w\"        sizes=\"(max-width: 2009px) 100vw, 2009px\"        class=\"hero-block__image\"\n        loading=\"eager\"\n      \/>\n      <div class=\"hero-block__gradient\" aria-hidden=\"true\"><\/div>\n    <\/div>\n  \n  <div class=\"hero-block__content\">\n    <div class=\"hero-block__text\">\n      \n              <h1 class=\"hero-block__headline\">Seguidores del Denver Summit FC<\/h1>\n      \n              <div class=\"hero-block__body\"><p>Los aficionados son la base del Denver Summit FC, seguidores entregados que elevan el f\u00fatbol femenino coreando, reuni\u00e9ndose, celebrando y apoy\u00e1ndose los unos a los otros.<\/p>\n<p>Ya sea en la secci\u00f3n de aficionados, sentado en las gradas o animando desde casa, \u00fanete a los seguidores de la Cumbre y ayuda a impulsar una comunidad futbol\u00edstica basada en el acceso, la igualdad y el orgullo.<\/p>\n<\/div>\n          <\/div>\n  <\/div>\n\n  <div class=\"hero-block__decoration\">&nbsp;<\/div>\n\n<\/section>\n\n\n\n\n<div\tid=\"block_0fa19baef5b2f18c58661d348e6d53d1\"\n\tclass=\"content-block\"\n\t>\n\t<div class=\"content-block__container\">\n\t\t\t\t<div class=\"content-block__inner\">\n\t\t\t\t\t<h2 class=\"content-block__headline content-block__headline--left\">\u00bfQui\u00e9nes son los 14ers?<\/h2>\n\t\t\t\t\t\t\t            \t\t\t\t<div class=\"content-block__content content-block__content--boxed\">\n\t\t\t\t\t<p>Las 14ers son actualmente el \u00fanico grupo de aficionados del Denver Summit FC, comprometido con la construcci\u00f3n de una cultura din\u00e1mica e inclusiva en torno al club. La misi\u00f3n del grupo: amplificar las voces de los aficionados, celebrar el f\u00fatbol femenino y cultivar una experiencia en la que todos puedan compartir el amor por el juego.<\/p>\n<p>El viaje no se detiene en los partidos en casa. Aunque los seguidores aportan una energ\u00eda inigualable a los partidos en casa, los 14ers tambi\u00e9n se muestran fuertes en la carretera. Cualquier aficionado dispuesto a apoyar al equipo podr\u00e1 asistir a partidos fuera de casa, ver fiestas, ir a fiestas y mucho m\u00e1s. Los detalles sobre viajes y entradas se dar\u00e1n a conocer a medida que se acerque la temporada.<\/p>\n\n\t\t\t\t<\/div>\n\t\t\t\t<\/div>\n\t<\/div>\n<\/div>\n\t\n\n\n<section class=\"split-content split-content--image-right\" role=\"region\" aria-label=\"Dividir la secci\u00f3n de contenidos\">\n\t<div class=\"split-content__container\">\n\t\t\t\t\t<div class=\"split-content__image-wrapper\">\n\t\t\t\t<img\n\t\t\t\t\tsrc=\"https:\/\/www.denversummitfc.com\/app\/uploads\/2026\/04\/Denver_Summit_FC_14ers.png\"\n\t\t\t\t\tsrcset=\"https:\/\/www.denversummitfc.com\/app\/uploads\/2026\/04\/Denver_Summit_FC_14ers.png 857w, https:\/\/www.denversummitfc.com\/app\/uploads\/2026\/04\/Denver_Summit_FC_14ers-800x533.png 800w, https:\/\/www.denversummitfc.com\/app\/uploads\/2026\/04\/Denver_Summit_FC_14ers-768x512.png 768w\"\t\t\t\t\tsizes=\"auto, (max-width: 857px) 100vw, 857px\"\t\t\t\t\talt=\"\"\n\t\t\t\t\twidth=\"857\"\n\t\t\t\t\theight=\"571\"\n\t\t\t\t\tclass=\"split-content__image\"\n\t\t\t\t\tloading=\"lazy\"\n\t\t\t\t\/>\n\t\t\t<\/div>\n\t\t\n\t\t<div class=\"split-content__content\">\n\t\t\t\t\t\t\t<h2 class=\"split-content__headline\">\u00danete al movimiento<\/h2>\n\t\t\t\n\t\t\t\t\t\t\t<div class=\"split-content__text\">\n\t\t\t\t\t<p>Los seguidores del Denver Summit FC dan vida al estadio, crean comunidad en torno al equipo y mejoran la experiencia de cada aficionado. Si est\u00e1s listo para unirte a los 14ers o explorar nuevos grupos de aficionados, sigue a\u00a0<strong><a title=\"https:\/\/www.instagram.com\/14ersbasecamp\" href=\"https:\/\/www.instagram.com\/14ersbasecamp\"><span style=\"color: #20604e\"><u>@14ersbasecamp<\/u><\/span><\/a><\/strong> en instagram para mantenerte conectado o ponte en contacto con nosotros a trav\u00e9s de <strong><a href=\"mailto:nfo@14erssupporters.com\" target=\"_blank\" rel=\"noopener\"><span style=\"color: #20604e\"><u>correo electr\u00f3nico<\/u><\/span><\/a>.<\/strong><\/p>\n<p><strong><a href=\"https:\/\/www.14erssupporters.com\/\" target=\"_blank\" rel=\"noopener\"><span style=\"color: #20604e\"><u>Visite la p\u00e1gina de 14ers<\/u><\/span><\/a><\/strong><\/p>\n\n\t\t\t\t<\/div>\n\t\t\t\n\t\t\t\t\t\t\t<div class=\"split-content__actions\">\n\t\t\t\t\t\t\t\t\t\t<a href=\"https:\/\/discord.gg\/5FXXub5AFZ\" class=\"split-content__button split-content__button--primary\" aria-label=\"\u00danete a los 14ers en Discord\" target=\"_blank\" rel=\"noopener noreferrer\">\n\t\t\t\t\t\t\t\u00danete a los 14ers en Discord\n\t\t\t\t\t\t<\/a>\n\t\t\t\t\t\t\t\t\t\t\t\t\t\t\t<a href=\"https:\/\/www.14erssupporters.com\/join-us\" class=\"split-content__button split-content__button--secondary\" aria-label=\"Afiliarse\" target=\"_blank\" rel=\"noopener noreferrer\">\n\t\t\t\t\t\t\tAfiliarse\n\t\t\t\t\t\t<\/a>\n\t\t\t\t\t\t\t\t\t<\/div>\n\t\t\t\t\t<\/div>\n\t<\/div>\n<\/section>\n\n\n\n<section class=\"split-content split-content--image-left\" role=\"region\" aria-label=\"Dividir la secci\u00f3n de contenidos\">\n\t<div class=\"split-content__container\">\n\t\t\t\t\t<div class=\"split-content__image-wrapper\">\n\t\t\t\t<img\n\t\t\t\t\tsrc=\"https:\/\/www.denversummitfc.com\/app\/uploads\/2026\/01\/Seat-Map_Working-Supporters.png\"\n\t\t\t\t\tsrcset=\"https:\/\/www.denversummitfc.com\/app\/uploads\/2026\/01\/Seat-Map_Working-Supporters.png 814w, https:\/\/www.denversummitfc.com\/app\/uploads\/2026\/01\/Seat-Map_Working-Supporters-800x611.png 800w, https:\/\/www.denversummitfc.com\/app\/uploads\/2026\/01\/Seat-Map_Working-Supporters-768x587.png 768w\"\t\t\t\t\tsizes=\"auto, (max-width: 814px) 100vw, 814px\"\t\t\t\t\talt=\"Supporters Seat Map Centennial\"\n\t\t\t\t\twidth=\"814\"\n\t\t\t\t\theight=\"622\"\n\t\t\t\t\tclass=\"split-content__image\"\n\t\t\t\t\tloading=\"lazy\"\n\t\t\t\t\/>\n\t\t\t<\/div>\n\t\t\n\t\t<div class=\"split-content__content\">\n\t\t\t\t\t\t\t<h2 class=\"split-content__headline\">Conceptos b\u00e1sicos de la Secci\u00f3n de Partidarios<\/h2>\n\t\t\t\n\t\t\t\t\t\t\t<div class=\"split-content__text\">\n\t\t\t\t\t<p>Bienvenido al rinc\u00f3n m\u00e1s el\u00e9ctrico del estadio, la Secci\u00f3n de Aficionados. Esto es lo que te espera:<\/p>\n<ul>\n<li>Una zona de seguridad dise\u00f1ada para un compromiso total, banderas, tambores y movimiento constante.<\/li>\n<li>Familiar\u00edcese con el <strong><a href=\"https:\/\/www.denversummitfc.com\/app\/uploads\/2026\/04\/Chant-Document-1.pdf\" target=\"_blank\" rel=\"noopener\"><span style=\"color: #20604e\"><u>14ers Canciones y C\u00e1nticos<\/u><\/span><\/a><\/strong>!<\/li>\n<li>V\u00edtores, c\u00e1nticos y energ\u00eda que persisten durante 90 minutos seguidos, desde el saque inicial hasta el pitido final.<\/li>\n<li>La participaci\u00f3n est\u00e1 abierta a todos los aficionados: la pertenencia a un grupo de aficionados es\u00a0<em>no<\/em>\u00a0necesarios para experimentar la atm\u00f3sfera.<\/li>\n<li>La Secci\u00f3n de Aficionados est\u00e1 situada en la secci\u00f3n 114, los asientos son por orden de llegada a las gradas de pie.<\/li>\n<\/ul>\n\n\t\t\t\t<\/div>\n\t\t\t\n\t\t\t\t\t<\/div>\n\t<\/div>\n<\/section>\n\n\n\n\n<div\tid=\"block_f92db2257ea3b6531b09ed52070f4bd5\"\n\tclass=\"content-block\"\n\t>\n\t<div class=\"content-block__container\">\n\t\t\t\t<div class=\"content-block__inner\">\n\t\t\t\t\t<h2 class=\"content-block__headline content-block__headline--left\">Pol\u00edtica de grupos de apoyo<\/h2>\n\t\t\t\t\t\t\t            \t\t\t\t<div class=\"content-block__content content-block__content--boxed\">\n\t\t\t\t\t<p>El Denver Summit FC se enorgullece de ser un campe\u00f3n en nuestra comunidad, y contar con un s\u00f3lido conjunto de requisitos para su(s) grupo(s) de seguidores no hace sino consolidar nuestra posici\u00f3n como instituci\u00f3n deportiva de primer orden en Colorado y en todo Estados Unidos.<\/p>\n<p>Cualquier grupo interesado en convertirse en un grupo de apoyo reconocido del Denver Summit FC puede asegurarse de que cumple los siguientes requisitos <a href=\"https:\/\/www.denversummitfc.com\/es\/supporter-group-policy\/\" target=\"_blank\" rel=\"noopener\">Pol\u00edtica de grupos de apoyo<\/a> y p\u00f3ngase en contacto con el Servicio de Apoyo en<a href=\"mailto:supporters@denversummitfc.com\" target=\"_blank\" rel=\"noopener\"> supporters@denversummitfc.com<\/a>.<\/p>\n\n\t\t\t\t<\/div>\n\t\t\t\t<\/div>\n\t<\/div>\n<\/div>","protected":false},"excerpt":{"rendered":"","protected":false},"author":5,"featured_media":0,"parent":0,"menu_order":0,"comment_status":"closed","ping_status":"closed","template":"","meta":{"_acf_changed":true,"_seopress_robots_primary_cat":"","_seopress_titles_title":"","_seopress_titles_desc":"","_seopress_robots_index":"","footnotes":""},"class_list":["post-138","page","type-page","status-publish","hentry"],"acf":[],"_links":{"self":[{"href":"https:\/\/www.denversummitfc.com\/es\/wp-json\/wp\/v2\/pages\/138","targetHints":{"allow":["GET"]}}],"collection":[{"href":"https:\/\/www.denversummitfc.com\/es\/wp-json\/wp\/v2\/pages"}],"about":[{"href":"https:\/\/www.denversummitfc.com\/es\/wp-json\/wp\/v2\/types\/page"}],"author":[{"embeddable":true,"href":"https:\/\/www.denversummitfc.com\/es\/wp-json\/wp\/v2\/users\/5"}],"replies":[{"embeddable":true,"href":"https:\/\/www.denversummitfc.com\/es\/wp-json\/wp\/v2\/comments?post=138"}],"version-history":[{"count":0,"href":"https:\/\/www.denversummitfc.com\/es\/wp-json\/wp\/v2\/pages\/138\/revisions"}],"wp:attachment":[{"href":"https:\/\/www.denversummitfc.com\/es\/wp-json\/wp\/v2\/media?parent=138"}],"curies":[{"name":"wp","href":"https:\/\/api.w.org\/{rel}","templated":true}]}}