{"id":1222,"date":"2026-03-25T12:16:26","date_gmt":"2026-03-25T18:16:26","guid":{"rendered":"https:\/\/www.denversummitfc.com\/?page_id=1222"},"modified":"2026-04-13T15:40:29","modified_gmt":"2026-04-13T21:40:29","slug":"centennial-stadium","status":"publish","type":"page","link":"https:\/\/www.denversummitfc.com\/es\/centennial-stadium\/","title":{"rendered":"Estadio Centennial"},"content":{"rendered":"<section class=\"hero-block\" id=\"hero-block_d9e9d4b828ca13fa320acad7d5e7bce1\">\n      <div class=\"hero-block__background\">\n      <img decoding=\"async\"\n        src=\"https:\/\/www.denversummitfc.com\/app\/uploads\/2026\/01\/9-scaled.jpg\"\n        alt=\"Centennial_Stadium\"\n        srcset=\"https:\/\/www.denversummitfc.com\/app\/uploads\/2026\/01\/9-scaled.jpg 2560w, https:\/\/www.denversummitfc.com\/app\/uploads\/2026\/01\/9-800x450.jpg 800w, https:\/\/www.denversummitfc.com\/app\/uploads\/2026\/01\/9-1600x900.jpg 1600w, https:\/\/www.denversummitfc.com\/app\/uploads\/2026\/01\/9-768x432.jpg 768w, https:\/\/www.denversummitfc.com\/app\/uploads\/2026\/01\/9-1536x864.jpg 1536w, https:\/\/www.denversummitfc.com\/app\/uploads\/2026\/01\/9-2048x1152.jpg 2048w\"        sizes=\"(max-width: 2560px) 100vw, 2560px\"        class=\"hero-block__image\"\n        loading=\"eager\"\n      \/>\n      <div class=\"hero-block__gradient\" aria-hidden=\"true\"><\/div>\n    <\/div>\n  \n  <div class=\"hero-block__content\">\n    <div class=\"hero-block__text\">\n              <p class=\"hero-block__eyebrow\">Inauguraci\u00f3n en julio de 2026<\/p>\n      \n              <h1 class=\"hero-block__headline\">Estadio Centennial <\/h1>\n      \n          <\/div>\n  <\/div>\n\n  <div class=\"hero-block__decoration\">&nbsp;<\/div>\n\n<\/section>\n\n\n\n\n<div\tid=\"block_936605444200a1ccd8e6392938c3c06a\"\n\tclass=\"content-block\"\n\t>\n\t<div class=\"content-block__container\">\n\t\t\t\t<div class=\"content-block__inner\">\n\t\t\t\t\t<h2 class=\"content-block__headline content-block__headline--left\">Comienza una nueva era<\/h2>\n\t\t\t\t\t\t\t            \t\t\t\t<div class=\"content-block__content content-block__content--boxed\">\n\t\t\t\t\t<p>En julio de 2026, el Denver Summit FC inicia la siguiente fase del viaje con la inauguraci\u00f3n del Centennial Stadium. A partir de mediados de verano, todos los partidos en casa de la temporada 2026 -y de la temporada 2027- se jugar\u00e1n en este nuevo estadio.<\/p>\n<p>El Centennial Stadium supone un importante paso adelante para el club, ya que ofrece una experiencia superior en los d\u00edas de partido mientras construimos nuestro futuro a largo plazo. Desde el primer saque inicial este verano hasta el final de la temporada 2027, los aficionados ayudar\u00e1n a dar forma a nuevas tradiciones aqu\u00ed, mientras contin\u00faa el impulso hacia nuestro hogar permanente, construido especialmente en Santa Fe Yards.<\/p>\n<p style=\"text-align: center\"><a class=\"cta-button\" href=\"https:\/\/www.denversummitfc.com\/es\/schedule\/home\/\">Comprar entradas<\/a><\/p>\n<p>&nbsp;<\/p>\n\n\t\t\t\t<\/div>\n\t\t\t\t<\/div>\n\t<\/div>\n<\/div>","protected":false},"excerpt":{"rendered":"","protected":false},"author":5,"featured_media":0,"parent":0,"menu_order":0,"comment_status":"closed","ping_status":"closed","template":"","meta":{"_acf_changed":true,"_seopress_robots_primary_cat":"","_seopress_titles_title":"Centennial Stadium | Denver Summit FC Home Venue & Tickets","_seopress_titles_desc":"Join Denver Summit FC at Centennial Stadium starting July 2026. Experience the next era of Colorado professional women's soccer. Get your matchday tickets now!","_seopress_robots_index":"","footnotes":""},"class_list":["post-1222","page","type-page","status-publish","hentry"],"acf":[],"_links":{"self":[{"href":"https:\/\/www.denversummitfc.com\/es\/wp-json\/wp\/v2\/pages\/1222","targetHints":{"allow":["GET"]}}],"collection":[{"href":"https:\/\/www.denversummitfc.com\/es\/wp-json\/wp\/v2\/pages"}],"about":[{"href":"https:\/\/www.denversummitfc.com\/es\/wp-json\/wp\/v2\/types\/page"}],"author":[{"embeddable":true,"href":"https:\/\/www.denversummitfc.com\/es\/wp-json\/wp\/v2\/users\/5"}],"replies":[{"embeddable":true,"href":"https:\/\/www.denversummitfc.com\/es\/wp-json\/wp\/v2\/comments?post=1222"}],"version-history":[{"count":0,"href":"https:\/\/www.denversummitfc.com\/es\/wp-json\/wp\/v2\/pages\/1222\/revisions"}],"wp:attachment":[{"href":"https:\/\/www.denversummitfc.com\/es\/wp-json\/wp\/v2\/media?parent=1222"}],"curies":[{"name":"wp","href":"https:\/\/api.w.org\/{rel}","templated":true}]}}