{"id":1212,"date":"2026-03-25T09:50:07","date_gmt":"2026-03-25T15:50:07","guid":{"rendered":"https:\/\/www.denversummitfc.com\/?page_id=1212"},"modified":"2026-04-23T15:02:42","modified_gmt":"2026-04-23T21:02:42","slug":"dicks-sporting-goods-park","status":"publish","type":"page","link":"https:\/\/www.denversummitfc.com\/es\/dicks-sporting-goods-park\/","title":{"rendered":"DICK&#8217;s Sporting Goods Park"},"content":{"rendered":"<section class=\"hero-block\" id=\"hero-block_6f334e9311e9578af787212b95f18495\">\n      <div class=\"hero-block__background\">\n      <img decoding=\"async\"\n        src=\"https:\/\/www.denversummitfc.com\/app\/uploads\/2026\/01\/DSGP-1080-x-1080.png\"\n        alt=\"DSPG\"\n        srcset=\"https:\/\/www.denversummitfc.com\/app\/uploads\/2026\/01\/DSGP-1080-x-1080.png 1080w, https:\/\/www.denversummitfc.com\/app\/uploads\/2026\/01\/DSGP-1080-x-1080-800x800.png 800w, https:\/\/www.denversummitfc.com\/app\/uploads\/2026\/01\/DSGP-1080-x-1080-400x400.png 400w, https:\/\/www.denversummitfc.com\/app\/uploads\/2026\/01\/DSGP-1080-x-1080-768x768.png 768w\"        sizes=\"(max-width: 1080px) 100vw, 1080px\"        class=\"hero-block__image\"\n        loading=\"eager\"\n      \/>\n      <div class=\"hero-block__gradient\" aria-hidden=\"true\"><\/div>\n    <\/div>\n  \n  <div class=\"hero-block__content\">\n    <div class=\"hero-block__text\">\n              <p class=\"hero-block__eyebrow\">Partidos de primavera en casa hasta el par\u00f3n internacional en<\/p>\n      \n              <h1 class=\"hero-block__headline\">Parque DICK'S Sporting Goods<\/h1>\n      \n          <\/div>\n  <\/div>\n\n  <div class=\"hero-block__decoration\">&nbsp;<\/div>\n\n<\/section>\n\n\n\n\n<div\tid=\"block_4faa48941b7b9421f77d4ea40c1168e2\"\n\tclass=\"content-block\"\n\t>\n\t<div class=\"content-block__container\">\n\t\t\t\t<div class=\"content-block__inner\">\n\t\t\t\t\t<h2 class=\"content-block__headline content-block__headline--left\">\u00danete a la escalada en Commerce City<\/h2>\n\t\t\t\t\t\t\t            \t\t\t\t<div class=\"content-block__content content-block__content--boxed\">\n\t\t\t\t\t<p>Despu\u00e9s de nuestro hist\u00f3rico Kickoff en el Empower Field, el viaje contin\u00faa cuando el Denver Summit FC se traslada a nuestra sede de primavera en el DICK'S Sporting Goods Park. Este tramo de la temporada es donde la atm\u00f3sfera realmente se intensifica, ofreciendo a los aficionados una experiencia \u00edntima y de alta energ\u00eda el d\u00eda del partido, donde cada c\u00e1ntico y cada gol se siente desde la primera fila hasta el pitido final.<\/p>\n<p>A medida que nos acercamos a la pausa de mitad de temporada, organizamos dos grandes partidos en casa que no querr\u00e1s perderte:<\/p>\n<ul>\n<li>\n<p>S\u00e1bado, 25 de abril | 18:45 h MT Nuestro regreso oficial al terreno de juego en Commerce City. Ay\u00fadanos a dar el pistoletazo de salida a la primavera y a defender nuestro feudo por primera vez.<\/p>\n<\/li>\n<li>\n<p>S\u00e1bado, 16 de mayo | 6:45 PM MT (Noche de Orgullo! \ud83c\udff3\ufe0f\u200d\ud83c\udf08) Celebra la vibrante comunidad que hace grande a este club. \u00danete a nosotros para una noche especial de inclusi\u00f3n, energ\u00eda y f\u00fatbol de clase mundial mientras nos dirigimos a la Copa Mundial de la FIFA y al descanso de la NWSL.<\/p>\n<\/li>\n<\/ul>\n<p>Tanto si es tu primer partido como si llevas con nosotros desde el primer d\u00eda, esta es tu oportunidad de ser una parte vital del ascenso durante nuestra hist\u00f3rica temporada inaugural. Nos vemos en la Cumbre.<\/p>\n<p style=\"text-align: center\"><a class=\"cta-button\" href=\"https:\/\/www.denversummitfc.com\/es\/schedule\/home\/\">Comprar entradas<\/a><\/p>\n\n\t\t\t\t<\/div>\n\t\t\t\t<\/div>\n\t<\/div>\n<\/div>\n\t\n\n\n<section\n\tid=\"cards-grid-69f5da8767fb1\"\n\tclass=\"wp-block-club-cards-grid\"\n\trole=\"region\"\n\t>\n\t\n\t\t\t<div class=\"cards-grid-carousel splide\" role=\"region\" aria-label=\"Carrusel de tarjetas\">\n\t\t\t<div class=\"splide__track\">\n\t\t\t\t<div class=\"cards-grid__container cards-grid__container--3 Cards-cols splide__list\">\n\t\t\t\t\t<article class=\"cards-grid__card splide__slide cards-grid__card--icon\">\n\t\t\t\t\t\t\t\t\t\t\t\t\n\t\t\t\t\t\t\t\t\t\t<div class=\"cards-grid__content\">\n\t\t\t\t\t\t\t\t\t\t\t\t\t<div class=\"cards-grid__headline-wrapper\">\n\t\t\t\t\t\t\t\t<h3 class=\"cards-grid__headline\">Informaci\u00f3n sobre el estadio<\/h3>\n\t\t\t\t\t\t\t\t\t\t\t\t\t\t\t\t\t<span class=\"cards-grid__icon dashicons dashicons-location\" aria-hidden=\"true\"><\/span>\n\t\t\t\t\t\t\t\t\t\t\t\t\t\t\t<\/div>\n\t\t\t\t\t\t\n\t\t\t\t\t\t\t\t\t\t\t\t\t<div class=\"cards-grid__description\">Todo lo que necesitas para el d\u00eda del partido en el DICK'S Sporting Goods Park est\u00e1 aqu\u00ed. Consulta la gu\u00eda para ver el aparcamiento, los mapas del estadio y mucho m\u00e1s.<\/div>\n\t\t\t\t\t\t\n\t\t\t\t\t\t\t\t\t\t\t\t\t\t\t\t\t\t\t<div class=\"cards-grid__button\">\n\t\t\t\t\t\t\t\t<a\n\t\t\t\t\t\t\t\t\thref=\"https:\/\/www.dickssportinggoodspark.com\/stadium-info\/fan-guide\"\n\t\t\t\t\t\t\t\t\tclass=\"btn primary\"\n\t\t\t\t\t\t\t\t\ttarget=\"_self\"\t\t\t\t\t\t\t\t>\n\t\t\t\t\t\t\t\t\tPlanifique su viaje\n\t\t\t\t\t\t\t\t<\/a>\n\t\t\t\t\t\t\t<\/div>\n\t\t\t\t\t\t\t\t\t\t\t<\/div>\n\t\t\t\t<\/article>\n\t\t\t<article class=\"cards-grid__card splide__slide cards-grid__card--icon\">\n\t\t\t\t\t\t\t\t\t\t\t\t\n\t\t\t\t\t\t\t\t\t\t<div class=\"cards-grid__content\">\n\t\t\t\t\t\t\t\t\t\t\t\t\t<div class=\"cards-grid__headline-wrapper\">\n\t\t\t\t\t\t\t\t<h3 class=\"cards-grid__headline\">Gesti\u00f3n de entradas <\/h3>\n\t\t\t\t\t\t\t\t\t\t\t\t\t\t\t\t\t<span class=\"cards-grid__icon dashicons dashicons-admin-users\" aria-hidden=\"true\"><\/span>\n\t\t\t\t\t\t\t\t\t\t\t\t\t\t\t<\/div>\n\t\t\t\t\t\t\n\t\t\t\t\t\t\t\t\t\t\t\t\t<div class=\"cards-grid__description\">Accede a tus entradas iniciando sesi\u00f3n en la Rapids App con tus credenciales de Ticketmaster. Una vez iniciada la sesi\u00f3n, podr\u00e1s ver, escanear o transferir tus asientos en cuesti\u00f3n de segundos.<\/div>\n\t\t\t\t\t\t\n\t\t\t\t\t\t\t\t\t\t\t\t\t\t\t\t\t\t\t<div class=\"cards-grid__button\">\n\t\t\t\t\t\t\t\t<a\n\t\t\t\t\t\t\t\t\thref=\"https:\/\/www.coloradorapids.com\/app\"\n\t\t\t\t\t\t\t\t\tclass=\"btn primary\"\n\t\t\t\t\t\t\t\t\ttarget=\"_self\"\t\t\t\t\t\t\t\t>\n\t\t\t\t\t\t\t\t\tDescargar aplicaci\u00f3n\n\t\t\t\t\t\t\t\t<\/a>\n\t\t\t\t\t\t\t<\/div>\n\t\t\t\t\t\t\t\t\t\t\t<\/div>\n\t\t\t\t<\/article>\n\t\t\t<article class=\"cards-grid__card splide__slide cards-grid__card--icon\">\n\t\t\t\t\t\t\t\t\t\t\t\t\n\t\t\t\t\t\t\t\t\t\t<div class=\"cards-grid__content\">\n\t\t\t\t\t\t\t\t\t\t\t\t\t<div class=\"cards-grid__headline-wrapper\">\n\t\t\t\t\t\t\t\t<h3 class=\"cards-grid__headline\">Entradas a la venta<\/h3>\n\t\t\t\t\t\t\t\t\t\t\t\t\t\t\t\t\t<span class=\"cards-grid__icon dashicons dashicons-tickets-alt\" aria-hidden=\"true\"><\/span>\n\t\t\t\t\t\t\t\t\t\t\t\t\t\t\t<\/div>\n\t\t\t\t\t\t\n\t\t\t\t\t\t\t\t\t\t\t\t\t<div class=\"cards-grid__description\">El ambiente en DICK'S Sporting Goods Park es inigualable. Las entradas para los partidos del 25 de abril y el 16 de mayo ya est\u00e1n a la venta. Aseg\u00farate hoy tu sitio en las gradas y s\u00e9 una parte vital del ascenso<\/div>\n\t\t\t\t\t\t\n\t\t\t\t\t\t\t\t\t\t\t\t\t\t\t\t\t\t\t<div class=\"cards-grid__button\">\n\t\t\t\t\t\t\t\t<a\n\t\t\t\t\t\t\t\t\thref=\"https:\/\/www.denversummitfc.com\/es\/schedule\/home\/\"\n\t\t\t\t\t\t\t\t\tclass=\"btn primary\"\n\t\t\t\t\t\t\t\t\ttarget=\"_self\"\t\t\t\t\t\t\t\t>\n\t\t\t\t\t\t\t\t\tComprar ahora\n\t\t\t\t\t\t\t\t<\/a>\n\t\t\t\t\t\t\t<\/div>\n\t\t\t\t\t\t\t\t\t\t\t<\/div>\n\t\t\t\t<\/article>\n\t\t\t\t\t\t<\/div>\n\t\t<\/div>\n\t<\/div>\n\t<\/section>\n\n\n\n<section class=\"split-content split-content--image-left\" role=\"region\" aria-label=\"Dividir la secci\u00f3n de contenidos\">\n\t<div class=\"split-content__container\">\n\t\t\t\t\t<div class=\"split-content__image-wrapper\">\n\t\t\t\t<img\n\t\t\t\t\tsrc=\"https:\/\/www.denversummitfc.com\/app\/uploads\/2026\/04\/dsfc26_dicks-sporting-goods-park_seating-map-scaled.png\"\n\t\t\t\t\tsrcset=\"https:\/\/www.denversummitfc.com\/app\/uploads\/2026\/04\/dsfc26_dicks-sporting-goods-park_seating-map-scaled.png 2560w, https:\/\/www.denversummitfc.com\/app\/uploads\/2026\/04\/dsfc26_dicks-sporting-goods-park_seating-map-800x640.png 800w, https:\/\/www.denversummitfc.com\/app\/uploads\/2026\/04\/dsfc26_dicks-sporting-goods-park_seating-map-1600x1280.png 1600w, https:\/\/www.denversummitfc.com\/app\/uploads\/2026\/04\/dsfc26_dicks-sporting-goods-park_seating-map-768x615.png 768w, https:\/\/www.denversummitfc.com\/app\/uploads\/2026\/04\/dsfc26_dicks-sporting-goods-park_seating-map-1536x1229.png 1536w, https:\/\/www.denversummitfc.com\/app\/uploads\/2026\/04\/dsfc26_dicks-sporting-goods-park_seating-map-2048x1639.png 2048w\"\t\t\t\t\tsizes=\"auto, (max-width: 2560px) 100vw, 2560px\"\t\t\t\t\talt=\"Dicks Sporting Goods Park Seating Map\"\n\t\t\t\t\twidth=\"2560\"\n\t\t\t\t\theight=\"2048\"\n\t\t\t\t\tclass=\"split-content__image\"\n\t\t\t\t\tloading=\"lazy\"\n\t\t\t\t\/>\n\t\t\t<\/div>\n\t\t\n\t\t<div class=\"split-content__content\">\n\t\t\t\t\t\t\t<h2 class=\"split-content__headline\">Mapa del parque Dick's Sporting Goods<\/h2>\n\t\t\t\n\t\t\t\t\t\t\t<div class=\"split-content__text\">\n\t\t\t\t\t<p><a name=\"map\"><\/a><br \/>\n<strong>La Fan Zone:<\/strong> Situado frente a la puerta F.<\/p>\n<p><strong>Mercanc\u00eda<\/strong>: Recoge tu equipo en estos lugares:<\/p>\n<ul>\n<li>Tienda principal: Secci\u00f3n 126<\/li>\n<li>En el estadio: Secci\u00f3n 107 (Puerta B) y Secci\u00f3n 113 (Puerta C)<\/li>\n<li>Pop-up al aire libre: Situada entre las puertas E y F<\/li>\n<\/ul>\n<p><strong>Club 5280 Recogida de bufandas para socios <\/strong><strong>Ubicaciones:<\/strong> Fuera del estadio, en la puerta F, y dentro del estadio, en las secciones 119 y 106.<\/p>\n<p><strong>Pirotecnia:<\/strong> Disponemos de recursos de inclusi\u00f3n sensorial. Si necesita ayuda, visite el quiosco de Guest Relations de la secci\u00f3n 129. Tambi\u00e9n hay un rinc\u00f3n sensorial en la secci\u00f3n 125 del vest\u00edbulo oeste.<\/p>\n<p><strong>Asistencia ADA:<\/strong> Visite el quiosco de Guest Relations en la secci\u00f3n 129.<\/p>\n\n\t\t\t\t<\/div>\n\t\t\t\n\t\t\t\t\t<\/div>\n\t<\/div>\n<\/section>","protected":false},"excerpt":{"rendered":"","protected":false},"author":5,"featured_media":0,"parent":0,"menu_order":0,"comment_status":"closed","ping_status":"closed","template":"","meta":{"_acf_changed":true,"_seopress_robots_primary_cat":"","_seopress_titles_title":"","_seopress_titles_desc":"","_seopress_robots_index":"","footnotes":""},"class_list":["post-1212","page","type-page","status-publish","hentry"],"acf":[],"_links":{"self":[{"href":"https:\/\/www.denversummitfc.com\/es\/wp-json\/wp\/v2\/pages\/1212","targetHints":{"allow":["GET"]}}],"collection":[{"href":"https:\/\/www.denversummitfc.com\/es\/wp-json\/wp\/v2\/pages"}],"about":[{"href":"https:\/\/www.denversummitfc.com\/es\/wp-json\/wp\/v2\/types\/page"}],"author":[{"embeddable":true,"href":"https:\/\/www.denversummitfc.com\/es\/wp-json\/wp\/v2\/users\/5"}],"replies":[{"embeddable":true,"href":"https:\/\/www.denversummitfc.com\/es\/wp-json\/wp\/v2\/comments?post=1212"}],"version-history":[{"count":0,"href":"https:\/\/www.denversummitfc.com\/es\/wp-json\/wp\/v2\/pages\/1212\/revisions"}],"wp:attachment":[{"href":"https:\/\/www.denversummitfc.com\/es\/wp-json\/wp\/v2\/media?parent=1212"}],"curies":[{"name":"wp","href":"https:\/\/api.w.org\/{rel}","templated":true}]}}