{"id":12,"date":"2025-12-15T12:41:32","date_gmt":"2025-12-15T18:41:32","guid":{"rendered":"\/?page_id=12"},"modified":"2026-01-23T08:33:22","modified_gmt":"2026-01-23T15:33:22","slug":"group-tickets","status":"publish","type":"page","link":"https:\/\/www.denversummitfc.com\/es\/group-tickets\/","title":{"rendered":"Entradas de grupo"},"content":{"rendered":"<div class=\"wp-block-denverfc-media\" >\n\t\n\t\t\t<figure class=\"media-image\">\n\t\t\t<img\n\t\t\t\tsrc=\"https:\/\/www.denversummitfc.com\/app\/uploads\/2026\/01\/media_52971207_52556063_compressed-1600x1067.jpg\"\n\t\t\t\talt=\"\"\n\t\t\t\twidth=\"1600\"\n\t\t\t\theight=\"1067\"\n\t\t\t\tloading=\"lazy\"\n\t\t\t\/>\n\t\t<\/figure>\n\t\n\t<\/div>\n\n\n\n\n<div\tid=\"block_2a7e6c37d3cde50d0465e8648ecc1c3a\"\n\tclass=\"content-block\"\n\t>\n\t<div class=\"content-block__container\">\n\t\t\t\t<div class=\"content-block__inner\">\n\t\t\t\t\t<h2 class=\"content-block__headline content-block__headline--left\">Entradas de grupo<\/h2>\n\t\t\t\t\t\t\t            \t\t\t\t<div class=\"content-block__content content-block__content--boxed\">\n\t\t\t\t\t<p>\u00bfEst\u00e1 interesado en traer a un grupo de diez o m\u00e1s personas? Rellene nuestro r\u00e1pido formulario y un ejecutivo de cuentas se pondr\u00e1 en contacto con usted para informarle sobre las opciones de venta para grupos y suites.<\/p>\n<p><a class=\"cta-button\" href=\"https:\/\/docs.google.com\/forms\/d\/e\/1FAIpQLSfkQcj-WUYnS6Kzi0mv-7oziwkKMo3OZDY3AfTdwQB6HKG2Cw\/viewform\" target=\"_blank\" rel=\"noopener\">Solicitar entradas de grupo<\/a><\/p>\n<p>&nbsp;<\/p>\n\n\t\t\t\t<\/div>\n\t\t\t\t<\/div>\n\t<\/div>\n<\/div>\n\t\n\n\n\n<div\tid=\"block_efe1efc0f31c55b922a765bd93a56180\"\n\tclass=\"content-block\"\n\t>\n\t<div class=\"content-block__container\">\n\t\t\t\t<div class=\"content-block__inner\">\n\t\t\t\t\t<h2 class=\"content-block__headline content-block__headline--left\">M\u00e1s en breve.<\/h2>\n\t\t\t\t\t\t\t            \t\t\t\t<div class=\"content-block__content content-block__content--boxed\">\n\t\t\t\t\t<p>Se avecinan grandes cosas \u26bd\u2728 Estamos creando experiencias inolvidables para nuestra comunidad. \u00a1Vuelve pronto para conocer lo que viene!<\/p>\n\n\t\t\t\t<\/div>\n\t\t\t\t<\/div>\n\t<\/div>\n<\/div>","protected":false},"excerpt":{"rendered":"","protected":false},"author":7,"featured_media":0,"parent":0,"menu_order":0,"comment_status":"closed","ping_status":"closed","template":"","meta":{"_acf_changed":false,"_seopress_robots_primary_cat":"","_seopress_titles_title":"","_seopress_titles_desc":"","_seopress_robots_index":"","footnotes":""},"class_list":["post-12","page","type-page","status-publish","hentry"],"acf":[],"_links":{"self":[{"href":"https:\/\/www.denversummitfc.com\/es\/wp-json\/wp\/v2\/pages\/12","targetHints":{"allow":["GET"]}}],"collection":[{"href":"https:\/\/www.denversummitfc.com\/es\/wp-json\/wp\/v2\/pages"}],"about":[{"href":"https:\/\/www.denversummitfc.com\/es\/wp-json\/wp\/v2\/types\/page"}],"author":[{"embeddable":true,"href":"https:\/\/www.denversummitfc.com\/es\/wp-json\/wp\/v2\/users\/7"}],"replies":[{"embeddable":true,"href":"https:\/\/www.denversummitfc.com\/es\/wp-json\/wp\/v2\/comments?post=12"}],"version-history":[{"count":0,"href":"https:\/\/www.denversummitfc.com\/es\/wp-json\/wp\/v2\/pages\/12\/revisions"}],"wp:attachment":[{"href":"https:\/\/www.denversummitfc.com\/es\/wp-json\/wp\/v2\/media?parent=12"}],"curies":[{"name":"wp","href":"https:\/\/api.w.org\/{rel}","templated":true}]}}